{"id":3,"date":"2021-11-12T17:37:07","date_gmt":"2021-11-12T20:37:07","guid":{"rendered":"https:\/\/bomshopping.com.br\/bem-vindo\/?page_id=3"},"modified":"2021-12-08T10:58:29","modified_gmt":"2021-12-08T13:58:29","slug":"politica-de-privacidade","status":"publish","type":"page","link":"https:\/\/bomshopping.com.br\/bem-vindo\/politica-de-privacidade\/","title":{"rendered":"Pol\u00edtica de privacidade"},"content":{"rendered":"\n<h2 class=\"wp-block-heading\">Quem somos<\/h2>\n\n\n\n<p><strong class=\"privacy-policy-tutorial\">Texto sugerido: <\/strong>O endere\u00e7o do nosso site \u00e9: https:\/\/bomshopping.com.br\/bem-vindo.<\/p>\n\n\n\n<h2 class=\"wp-block-heading\">Coment\u00e1rios<\/h2>\n\n\n\n<p><strong class=\"privacy-policy-tutorial\">Texto sugerido: <\/strong>Quando os visitantes deixam coment\u00e1rios no site, coletamos os dados mostrados no formul\u00e1rio de coment\u00e1rios, al\u00e9m do endere\u00e7o de IP e de dados do navegador do visitante, para auxiliar na detec\u00e7\u00e3o de spam.<\/p>\n\n\n\n<p>Uma sequ\u00eancia anonimizada de caracteres criada a partir do seu e-mail (tamb\u00e9m chamada de hash) poder\u00e1 ser enviada para o Gravatar para verificar se voc\u00ea usa o servi\u00e7o. A pol\u00edtica de privacidade do Gravatar est\u00e1 dispon\u00edvel aqui: https:\/\/automattic.com\/privacy\/. Depois da aprova\u00e7\u00e3o do seu coment\u00e1rio, a foto do seu perfil fica vis\u00edvel publicamente junto de seu coment\u00e1rio.<\/p>\n\n\n\n<h2 class=\"wp-block-heading\">M\u00eddia<\/h2>\n\n\n\n<p><strong class=\"privacy-policy-tutorial\">Texto sugerido: <\/strong>Se voc\u00ea envia imagens para o site, evite enviar as que contenham dados de localiza\u00e7\u00e3o incorporados (EXIF GPS). Visitantes podem baixar estas imagens do site e extrair delas seus dados de localiza\u00e7\u00e3o.<\/p>\n\n\n\n<h2 class=\"wp-block-heading\">Cookies<\/h2>\n\n\n\n<p><strong class=\"privacy-policy-tutorial\">Texto sugerido: <\/strong>Ao deixar um coment\u00e1rio no site, voc\u00ea poder\u00e1 optar por salvar seu nome, e-mail e site nos cookies. Isso visa seu conforto, assim voc\u00ea n\u00e3o precisar\u00e1 preencher seus  dados novamente quando fizer outro coment\u00e1rio. Estes cookies duram um ano.<\/p>\n\n\n\n<p>Se voc\u00ea tem uma conta e acessa este site, um cookie tempor\u00e1rio ser\u00e1 criado para determinar se seu navegador aceita cookies. Ele n\u00e3o cont\u00e9m nenhum dado pessoal e ser\u00e1 descartado quando voc\u00ea fechar seu navegador.<\/p>\n\n\n\n<p>Quando voc\u00ea acessa sua conta no site, tamb\u00e9m criamos v\u00e1rios cookies para salvar os dados da sua conta e suas escolhas de exibi\u00e7\u00e3o de tela. Cookies de login s\u00e3o mantidos por dois dias e cookies de op\u00e7\u00f5es de tela por um ano. Se voc\u00ea selecionar &#8220;Lembrar-me&#8221;, seu acesso ser\u00e1 mantido por duas semanas. Se voc\u00ea se desconectar da sua conta, os cookies de login ser\u00e3o removidos.<\/p>\n\n\n\n<p>Se voc\u00ea editar ou publicar um artigo, um cookie adicional ser\u00e1 salvo no seu navegador. Este cookie n\u00e3o inclui nenhum dado pessoal e simplesmente indica o ID do post referente ao artigo que voc\u00ea acabou de editar. Ele expira depois de 1 dia.<\/p>\n\n\n\n<h2 class=\"wp-block-heading\">M\u00eddia incorporada de outros sites<\/h2>\n\n\n\n<p><strong class=\"privacy-policy-tutorial\">Texto sugerido: <\/strong>Artigos neste site podem incluir conte\u00fado incorporado como, por exemplo, v\u00eddeos, imagens, artigos, etc. Conte\u00fados incorporados de outros sites se comportam exatamente da mesma forma como se o visitante estivesse visitando o outro site.<\/p>\n\n\n\n<p>Estes sites podem coletar dados sobre voc\u00ea, usar cookies, incorporar rastreamento adicional de terceiros e monitorar sua intera\u00e7\u00e3o com este conte\u00fado incorporado, incluindo sua intera\u00e7\u00e3o com o conte\u00fado incorporado se voc\u00ea tem uma conta e est\u00e1 conectado com o site.<\/p>\n\n\n\n<h2 class=\"wp-block-heading\">Com quem compartilhamos seus dados<\/h2>\n\n\n\n<p><strong class=\"privacy-policy-tutorial\">Texto sugerido: <\/strong>Se voc\u00ea solicitar uma redefini\u00e7\u00e3o de senha, seu endere\u00e7o de IP ser\u00e1 inclu\u00eddo no e-mail de redefini\u00e7\u00e3o de senha.<\/p>\n\n\n\n<h2 class=\"wp-block-heading\">Por quanto tempo mantemos os seus dados<\/h2>\n\n\n\n<p><strong class=\"privacy-policy-tutorial\">Texto sugerido: <\/strong>Se voc\u00ea deixar um coment\u00e1rio, o coment\u00e1rio e os seus metadados s\u00e3o conservados indefinidamente. Fazemos isso para que seja poss\u00edvel reconhecer e aprovar automaticamente qualquer coment\u00e1rio posterior ao inv\u00e9s de ret\u00ea-lo para modera\u00e7\u00e3o.<\/p>\n\n\n\n<p>Para usu\u00e1rios que se registram no nosso site (se houver), tamb\u00e9m guardamos as informa\u00e7\u00f5es pessoais que fornecem no seu perfil de usu\u00e1rio. Todos os usu\u00e1rios podem ver, editar ou excluir suas informa\u00e7\u00f5es pessoais a qualquer momento (s\u00f3 n\u00e3o \u00e9 poss\u00edvel alterar o seu username). Os administradores de sites tamb\u00e9m podem ver e editar estas informa\u00e7\u00f5es.<\/p>\n\n\n\n<h2 class=\"wp-block-heading\">Quais os seus direitos sobre seus dados<\/h2>\n\n\n\n<p><strong class=\"privacy-policy-tutorial\">Texto sugerido: <\/strong>Se voc\u00ea tiver uma conta neste site ou se tiver deixado coment\u00e1rios, pode solicitar um arquivo exportado dos dados pessoais que mantemos sobre voc\u00ea, inclusive quaisquer dados que nos tenha fornecido. Tamb\u00e9m pode solicitar que removamos qualquer dado pessoal que mantemos sobre voc\u00ea. Isto n\u00e3o inclui nenhuns dados que somos obrigados a manter para prop\u00f3sitos administrativos, legais ou de seguran\u00e7a.<\/p>\n\n\n\n<h2 class=\"wp-block-heading\">Para onde enviamos seus dados<\/h2>\n\n\n\n<p><strong class=\"privacy-policy-tutorial\">Texto sugerido: <\/strong>Coment\u00e1rios de visitantes podem ser marcados por um servi\u00e7o autom\u00e1tico de detec\u00e7\u00e3o de spam.<\/p>\n","protected":false},"excerpt":{"rendered":"<p>Quem somos Texto sugerido: O endere\u00e7o do nosso site \u00e9: https:\/\/bomshopping.com.br\/bem-vindo. Coment\u00e1rios Texto sugerido: Quando os visitantes deixam coment\u00e1rios no site, coletamos os dados mostrados no formul\u00e1rio de coment\u00e1rios, al\u00e9m do endere\u00e7o de IP e de dados do navegador do visitante, para auxiliar na detec\u00e7\u00e3o de spam. Uma sequ\u00eancia anonimizada de caracteres criada a partir &hellip;<\/p>\n<p class=\"read-more\"> <a class=\"\" href=\"https:\/\/bomshopping.com.br\/bem-vindo\/politica-de-privacidade\/\"> <span class=\"screen-reader-text\">Pol\u00edtica de privacidade<\/span> Leia mais \u00bb<\/a><\/p>\n","protected":false},"author":1,"featured_media":0,"parent":0,"menu_order":0,"comment_status":"closed","ping_status":"open","template":"","meta":{"om_disable_all_campaigns":false,"_monsterinsights_skip_tracking":false,"_monsterinsights_sitenote_active":false,"_monsterinsights_sitenote_note":"","_monsterinsights_sitenote_category":0,"site-sidebar-layout":"default","site-content-layout":"default","ast-main-header-display":"","ast-hfb-above-header-display":"","ast-hfb-below-header-display":"","ast-hfb-mobile-header-display":"","site-post-title":"","ast-breadcrumbs-content":"","ast-featured-img":"","footer-sml-layout":"","theme-transparent-header-meta":"","adv-header-id-meta":"","stick-header-meta":"","header-above-stick-meta":"","header-main-stick-meta":"","header-below-stick-meta":"","spay_email":"","footnotes":""},"class_list":["post-3","page","type-page","status-publish","hentry"],"aioseo_notices":[],"uagb_featured_image_src":{"full":false,"thumbnail":false,"medium":false,"medium_large":false,"large":false,"1536x1536":false,"2048x2048":false},"uagb_author_info":{"display_name":"admin","author_link":"https:\/\/bomshopping.com.br\/bem-vindo\/author\/admin\/"},"uagb_comment_info":0,"uagb_excerpt":"Quem somos Texto sugerido: O endere\u00e7o do nosso site \u00e9: https:\/\/bomshopping.com.br\/bem-vindo. Coment\u00e1rios Texto sugerido: Quando os visitantes deixam coment\u00e1rios no site, coletamos os dados mostrados no formul\u00e1rio de coment\u00e1rios, al\u00e9m do endere\u00e7o de IP e de dados do navegador do visitante, para auxiliar na detec\u00e7\u00e3o de spam. Uma sequ\u00eancia anonimizada de caracteres criada a partir&hellip;","jetpack-related-posts":[{"id":21,"url":"https:\/\/bomshopping.com.br\/bem-vindo\/servicos\/","url_meta":{"origin":3,"position":0},"title":"Servi\u00e7os","date":"19 de junho de 2017","format":false,"excerpt":"Servi\u00e7os Oferecemos para o seu neg\u00f3cio uma extensa gama de servi\u00e7os na Internet Com uma experi\u00eancia pr\u00e1tica em v\u00e1rios segmentos do mercado, oferecemos solu\u00e7\u00f5es na Internet, baseadas em produtos e servi\u00e7os, de forma centralizada e ajustavel.\u00a0\u00a0 S\u00e3o servi\u00e7os de consultoria, treinamento, marketing, infraestrutura, automa\u00e7\u00e3o de processos, an\u00e1lise de informa\u00e7\u00e3o e\u2026","rel":"","context":"Post similar","img":{"alt_text":"","src":"","width":0,"height":0},"classes":[]},{"id":2,"url":"https:\/\/bomshopping.com.br\/bem-vindo\/pagina-exemplo\/","url_meta":{"origin":3,"position":1},"title":"P\u00e1gina de exemplo","date":"12 de novembro de 2021","format":false,"excerpt":"Esta \u00e9 uma p\u00e1gina de exemplo. \u00c9 diferente de um post no blog porque ela permanecer\u00e1 em um lugar e aparecer\u00e1 na navega\u00e7\u00e3o do seu site na maioria dos temas. Muitas pessoas come\u00e7am com uma p\u00e1gina que as apresenta a poss\u00edveis visitantes do site. Ela pode dizer algo assim: Ol\u00e1!\u2026","rel":"","context":"Post similar","img":{"alt_text":"","src":"","width":0,"height":0},"classes":[]},{"id":1179,"url":"https:\/\/bomshopping.com.br\/bem-vindo\/favoritos\/","url_meta":{"origin":3,"position":2},"title":"Favoritos","date":"24 de novembro de 2021","format":false,"excerpt":"Favoritos Aqui voc\u00ea encontra os sites que mais nos auxiliam em nossa jornada S\u00e3o mais de 200 links organizados e agrupados em 3 grandes categorias: Humanas, Tecnologia e Refer\u00eancias Humanas Not\u00edcias ClimaTempoGloboUOLEstad\u00e3oMSNTerraBOLCNNBrasilDi\u00e1rio de Not\u00edciasClarinCNNBILDBBCLeMondeElPaisla Republica Finan\u00e7as Banco do BrasilCEFBNDSIta\u00faBradescoSantanderPaypalPagSeguroCieloRedeXP InvestimentosNubankSerasa Investimentos BloombergValor Econ\u00f4micoValor InvesteValor DataExameInfomoneyHC InvestimentosGuia InvestGustavo CerbasiDinheiramaClube dos PoupadoresADVFNBastter\u2026","rel":"","context":"Post similar","img":{"alt_text":"","src":"","width":0,"height":0},"classes":[]},{"id":1082,"url":"https:\/\/bomshopping.com.br\/bem-vindo\/","url_meta":{"origin":3,"position":3},"title":"Home","date":"19 de junho de 2017","format":false,"excerpt":"Solu\u00e7\u00f5es de TI na Web aplicadas ao seu neg\u00f3cio O Bomshopping ajuda a sua empresa a desenvolver o seu neg\u00f3cio na Internet oferecendo e integrando as principais ferramentas tecnol\u00f3gicas necess\u00e1rias.\u00a0 Tudo isto com foco no Neg\u00f3cio! Hospedagem Web Cria\u00e7\u00e3o de Sites Desenvolvimento SW Com\u00e9rcio Eletr\u00f4nico Marketing Digital Estat\u00edsticas Data Analytics\u2026","rel":"","context":"Post similar","img":{"alt_text":"","src":"","width":0,"height":0},"classes":[]},{"id":25,"url":"https:\/\/bomshopping.com.br\/bem-vindo\/contato-bomshopping\/","url_meta":{"origin":3,"position":4},"title":"Contato","date":"19 de junho de 2017","format":false,"excerpt":"Contato Consultoria, Projetos, Suporte, Produtos, Servi\u00e7os Entre em contato conosco, tire as suas d\u00favidas e explore novas oportunidades de neg\u00f3cios com a Internet Contato Fale Conosco Projetos ou Solu\u00e7\u00f5es de TI Cria\u00e7\u00e3o de Sites Hospedagem web Desenvolvimento de Sistemas Ecommerce Markting Digital Data Analitics Dashboards Modelos Estat\u00edsticos Manuten\u00e7\u00e3o de Sites\u2026","rel":"","context":"Post similar","img":{"alt_text":"","src":"","width":0,"height":0},"classes":[]},{"id":19,"url":"https:\/\/bomshopping.com.br\/bem-vindo\/quem-somos-bomshopping\/","url_meta":{"origin":3,"position":5},"title":"Quem Somos","date":"19 de junho de 2017","format":false,"excerpt":"Quem Somos Criamos e Desenvolvemos Solu\u00e7\u00f5es para Neg\u00f3cios na Web Nosso objetivo \u00e9 oferecer para o nosso p\u00fablico alvo, o empreendedor e empresas em geral, uma oportunidade para ter em um \u00fanico local toda a infraestrutura e servi\u00e7o necess\u00e1rios para desenvolver neg\u00f3cios no ambiente Web. Como atuamos Com v\u00e1rias solu\u00e7\u00f5es\u2026","rel":"","context":"Post similar","img":{"alt_text":"","src":"","width":0,"height":0},"classes":[]}],"_links":{"self":[{"href":"https:\/\/bomshopping.com.br\/bem-vindo\/wp-json\/wp\/v2\/pages\/3","targetHints":{"allow":["GET"]}}],"collection":[{"href":"https:\/\/bomshopping.com.br\/bem-vindo\/wp-json\/wp\/v2\/pages"}],"about":[{"href":"https:\/\/bomshopping.com.br\/bem-vindo\/wp-json\/wp\/v2\/types\/page"}],"author":[{"embeddable":true,"href":"https:\/\/bomshopping.com.br\/bem-vindo\/wp-json\/wp\/v2\/users\/1"}],"replies":[{"embeddable":true,"href":"https:\/\/bomshopping.com.br\/bem-vindo\/wp-json\/wp\/v2\/comments?post=3"}],"version-history":[{"count":1,"href":"https:\/\/bomshopping.com.br\/bem-vindo\/wp-json\/wp\/v2\/pages\/3\/revisions"}],"predecessor-version":[{"id":1580,"href":"https:\/\/bomshopping.com.br\/bem-vindo\/wp-json\/wp\/v2\/pages\/3\/revisions\/1580"}],"wp:attachment":[{"href":"https:\/\/bomshopping.com.br\/bem-vindo\/wp-json\/wp\/v2\/media?parent=3"}],"curies":[{"name":"wp","href":"https:\/\/api.w.org\/{rel}","templated":true}]}}