{"id":25,"date":"2017-06-19T07:08:22","date_gmt":"2017-06-19T10:08:22","guid":{"rendered":"https:\/\/bomshopping.com.br\/bem-vindo\/contact\/"},"modified":"2021-12-13T12:00:20","modified_gmt":"2021-12-13T15:00:20","slug":"contato-bomshopping","status":"publish","type":"page","link":"https:\/\/bomshopping.com.br\/bem-vindo\/contato-bomshopping\/","title":{"rendered":"Contato"},"content":{"rendered":"\n\n\t<h1>\n\t\t\t\t\tContato\n\t\t\t\t<\/h1>\n\t<h4>\n\t\t\t\t\tConsultoria, Projetos, Suporte, Produtos, Servi\u00e7os\n\t\t\t\t<\/h4>\n\t\t\t<p>Entre em contato conosco, tire as suas d\u00favidas e explore novas oportunidades de neg\u00f3cios com a Internet<\/p>\n\t<h4>\n\t\t\t\t\tContato\n\t\t\t\t<\/h4>\n\t<h2>\n\t\t\t\t\tFale Conosco\n\t\t\t\t<\/h2>\n\t<ul>\n<li>Projetos ou Solu\u00e7\u00f5es de TI<\/li>\n<li>Cria\u00e7\u00e3o de Sites<\/li>\n<li>Hospedagem web<\/li>\n<li>Desenvolvimento de Sistemas<\/li>\n<li>Ecommerce<\/li>\n<li>Markting Digital<\/li>\n<li>Data Analitics<\/li>\n<li>Dashboards<\/li>\n<li>Modelos Estat\u00edsticos<\/li>\n<li>Manuten\u00e7\u00e3o de Sites ou Sistemas<\/li>\n<li>Consultoria<\/li>\n<li>Treinamento<\/li>\n<li>outros assuntos<\/li>\n<\/ul>\n\t<h4>\n\t\t\t\t\tWhatsApp\n\t\t\t\t<\/h4>\n\t<h2>\n\t\t\t\t\t011 &#8211; 96131-7330\n\t\t\t\t<\/h2>\n\t<p>Av. Padre Antonio Jos\u00e9 dos Santos,<\/p>\n<p>1415 &#8211; Brooklin &#8211; S\u00e3o Paulo<\/p>\n<p>04563-013<\/p>\n\t<h3>\n\t\t\t\t\tTire a sua d\u00favida ou solicite um or\u00e7amento\n\t\t\t\t<\/h3>\n\t<div role=\"form\" class=\"wpcf7\" id=\"wpcf7-f1551-o1\" lang=\"pt-BR\" dir=\"ltr\">\n<div class=\"screen-reader-response\"><p role=\"status\" aria-live=\"polite\" aria-atomic=\"true\"><\/p> <ul><\/ul><\/div>\n<form action=\"\/bem-vindo\/wp-json\/wp\/v2\/pages\/25#wpcf7-f1551-o1\" method=\"post\" class=\"wpcf7-form init\" enctype=\"multipart\/form-data\" novalidate=\"novalidate\" data-status=\"init\">\n<div style=\"display: none;\">\n<input type=\"hidden\" name=\"_wpcf7\" value=\"1551\" \/>\n<input type=\"hidden\" name=\"_wpcf7_version\" value=\"5.5.3\" \/>\n<input type=\"hidden\" name=\"_wpcf7_locale\" value=\"pt_BR\" \/>\n<input type=\"hidden\" name=\"_wpcf7_unit_tag\" value=\"wpcf7-f1551-o1\" \/>\n<input type=\"hidden\" name=\"_wpcf7_container_post\" value=\"0\" \/>\n<input type=\"hidden\" name=\"_wpcf7_posted_data_hash\" value=\"\" \/>\n<input type=\"hidden\" name=\"_wpcf7_recaptcha_response\" value=\"\" \/>\n<\/div>\n<div class=\"row\">\n<div class=\"span6\">\n*<small>Nome:<\/small><strong><\/strong>:<br \/>\n<span class=\"wpcf7-form-control-wrap your-name\"><input type=\"text\" name=\"your-name\" value=\"\" size=\"40\" class=\"wpcf7-form-control wpcf7-text wpcf7-validates-as-required\" aria-required=\"true\" aria-invalid=\"false\" placeholder=\"seu nome\" \/><\/span>\n<\/div>\n<\/div>\n<div class=\"row\">\n<div class=\"span6\">\n*<small>Email<\/small>:<br \/>\n<span class=\"wpcf7-form-control-wrap your-email\"><input type=\"email\" name=\"your-email\" value=\"\" size=\"40\" class=\"wpcf7-form-control wpcf7-text wpcf7-email wpcf7-validates-as-required wpcf7-validates-as-email\" aria-required=\"true\" aria-invalid=\"false\" placeholder=\"seu e-mail\" \/><\/span>\n<\/div>\n<\/div>\n<div class=\"row\">\n<div class=\"span6\">\n*<small>Telefone:<\/small><strong><\/strong>:<br \/>\n<span class=\"wpcf7-form-control-wrap your-phone\"><input type=\"tel\" name=\"your-phone\" value=\"\" size=\"40\" minlength=\"10\" class=\"wpcf7-form-control wpcf7-text wpcf7-tel wpcf7-validates-as-required wpcf7-validates-as-tel\" aria-required=\"true\" aria-invalid=\"false\" placeholder=\"ddd-(9)xxxx-xxxx\" \/><\/span>\n<\/div>\n<\/div>\n<div class=\"row\">\n<div class=\"span6\">\n*<small>Assunto:<\/small><strong><\/strong>:<br \/>\n<span class=\"wpcf7-form-control-wrap assunto\"><select name=\"assunto\" class=\"wpcf7-form-control wpcf7-select\" aria-invalid=\"false\"><option value=\"Projetos ou Solu\u00e7\u00f5es de TI\">Projetos ou Solu\u00e7\u00f5es de TI<\/option><option value=\"Cria\u00e7\u00e3o de Sites\">Cria\u00e7\u00e3o de Sites<\/option><option value=\"Hospedagem Web\">Hospedagem Web<\/option><option value=\"Desenvolvimento de Sistemas\">Desenvolvimento de Sistemas<\/option><option value=\"Ecommerce\">Ecommerce<\/option><option value=\"Markting Digital\">Markting Digital<\/option><option value=\"Data Analitics\">Data Analitics<\/option><option value=\"Dashboards\">Dashboards<\/option><option value=\"Modelos Estat\u00edsticos\">Modelos Estat\u00edsticos<\/option><option value=\"Manuten\u00e7\u00e3o de Sites ou Sistemas\">Manuten\u00e7\u00e3o de Sites ou Sistemas<\/option><option value=\"Consultoria\">Consultoria<\/option><option value=\"Treinamentos\">Treinamentos<\/option><option value=\"outros assuntos\">outros assuntos<\/option><\/select><\/span>\n<\/div>\n<\/div>\n<div class=\"row\">\n<div class=\"span6\">\n*<small>Sua mensagem:<\/small>:<br \/>\n<span class=\"wpcf7-form-control-wrap mensagem\"><textarea name=\"mensagem\" cols=\"40\" rows=\"10\" minlength=\"10\" class=\"wpcf7-form-control wpcf7-textarea wpcf7-validates-as-required\" aria-required=\"true\" aria-invalid=\"false\" placeholder=\"m\u00ednimo 10 car\u00e1cteres\"><\/textarea><\/span>\n<\/div>\n<\/div>\n<div class=\"row\">\n<div class=\"span6\">\n<b>Voc\u00ea tamb\u00e9m pode nos anexar um arquivo ou imagem para detalhar a sua necessidade (Apenas arquivos JPG|PNG|GIF|PDF com at\u00e9 5MB)<\/b><\/p>\n<hr>\n<span class=\"wpcf7-form-control-wrap file-577\"><input type=\"file\" name=\"file-577\" size=\"40\" class=\"wpcf7-form-control wpcf7-file\" accept=\".jpg,.png,.gif,.pdf\" aria-invalid=\"false\" \/><\/span><\/p>\n<hr>\n<\/div>\n<\/div>\n<div class=\"row\">\n<div class=\"span6\">\n<p><input type=\"submit\" value=\"Enviar\" class=\"wpcf7-form-control has-spinner wpcf7-submit\" id=\"sendid\" \/>\n<\/p><\/div>\n<\/div>\n<p style=\"display: none !important;\"><label>&#916;<textarea name=\"_wpcf7_ak_hp_textarea\" cols=\"45\" rows=\"8\" maxlength=\"100\"><\/textarea><\/label><input type=\"hidden\" id=\"ak_js\" name=\"_wpcf7_ak_js\" value=\"62\"\/><script>document.getElementById( \"ak_js\" ).setAttribute( \"value\", ( new Date() ).getTime() );<\/script><\/p><div class=\"wpcf7-response-output\" aria-hidden=\"true\"><\/div><\/form><\/div>\n\t<iframe loading=\"lazy\" width=\"100%\" height=\"400\" frameborder=\"0\" scrolling=\"no\" marginheight=\"0\" marginwidth=\"0\" src=\"https:\/\/www.google.com\/maps\/embed?pb=!1m18!1m12!1m3!1d3655.912694051551!2d-46.69266298491592!3d-23.607463869181743!2m3!1f0!2f0!3f0!3m2!1i1024!2i768!4f13.1!3m3!1m2!1s0x94ce50ca856ab815%3A0xa8a0878cc1c37755!2sAv.%20Padre%20Ant%C3%B4nio%20Jos%C3%A9%20dos%20Santos%2C%201415%20-%20Cidade%20Mon%C3%A7%C3%B5es%2C%20S%C3%A3o%20Paulo%20-%20SP%2C%2004563-013!5e0!3m2!1sen!2sbr!4v1638036278486!5m2!1sen!2sbr\"><\/iframe>\n\n","protected":false},"excerpt":{"rendered":"<p>Contato Consultoria, Projetos, Suporte, Produtos, Servi\u00e7os Entre em contato conosco, tire as suas d\u00favidas e explore novas oportunidades de neg\u00f3cios com a Internet Contato Fale Conosco Projetos ou Solu\u00e7\u00f5es de TI Cria\u00e7\u00e3o de Sites Hospedagem web Desenvolvimento de Sistemas Ecommerce Markting Digital Data Analitics Dashboards Modelos Estat\u00edsticos Manuten\u00e7\u00e3o de Sites ou Sistemas Consultoria Treinamento outros &hellip;<\/p>\n<p class=\"read-more\"> <a class=\"\" href=\"https:\/\/bomshopping.com.br\/bem-vindo\/contato-bomshopping\/\"> <span class=\"screen-reader-text\">Contato<\/span> Leia mais \u00bb<\/a><\/p>\n","protected":false},"author":1,"featured_media":0,"parent":0,"menu_order":0,"comment_status":"closed","ping_status":"closed","template":"","meta":{"om_disable_all_campaigns":false,"_monsterinsights_skip_tracking":false,"_monsterinsights_sitenote_active":false,"_monsterinsights_sitenote_note":"","_monsterinsights_sitenote_category":0,"site-sidebar-layout":"no-sidebar","site-content-layout":"page-builder","ast-main-header-display":"","ast-hfb-above-header-display":"","ast-hfb-below-header-display":"","ast-hfb-mobile-header-display":"","site-post-title":"disabled","ast-breadcrumbs-content":"","ast-featured-img":"disabled","footer-sml-layout":"","theme-transparent-header-meta":"","adv-header-id-meta":"","stick-header-meta":"","header-above-stick-meta":"","header-main-stick-meta":"","header-below-stick-meta":"","spay_email":"","footnotes":""},"class_list":["post-25","page","type-page","status-publish","hentry"],"aioseo_notices":[],"uagb_featured_image_src":{"full":false,"thumbnail":false,"medium":false,"medium_large":false,"large":false,"1536x1536":false,"2048x2048":false},"uagb_author_info":{"display_name":"admin","author_link":"https:\/\/bomshopping.com.br\/bem-vindo\/author\/admin\/"},"uagb_comment_info":0,"uagb_excerpt":"Contato Consultoria, Projetos, Suporte, Produtos, Servi\u00e7os Entre em contato conosco, tire as suas d\u00favidas e explore novas oportunidades de neg\u00f3cios com a Internet Contato Fale Conosco Projetos ou Solu\u00e7\u00f5es de TI Cria\u00e7\u00e3o de Sites Hospedagem web Desenvolvimento de Sistemas Ecommerce Markting Digital Data Analitics Dashboards Modelos Estat\u00edsticos Manuten\u00e7\u00e3o de Sites ou Sistemas Consultoria Treinamento outros&hellip;","jetpack-related-posts":[{"id":1082,"url":"https:\/\/bomshopping.com.br\/bem-vindo\/","url_meta":{"origin":25,"position":0},"title":"Home","date":"19 de junho de 2017","format":false,"excerpt":"Solu\u00e7\u00f5es de TI na Web aplicadas ao seu neg\u00f3cio O Bomshopping ajuda a sua empresa a desenvolver o seu neg\u00f3cio na Internet oferecendo e integrando as principais ferramentas tecnol\u00f3gicas necess\u00e1rias.\u00a0 Tudo isto com foco no Neg\u00f3cio! Hospedagem Web Cria\u00e7\u00e3o de Sites Desenvolvimento SW Com\u00e9rcio Eletr\u00f4nico Marketing Digital Estat\u00edsticas Data Analytics\u2026","rel":"","context":"Post similar","img":{"alt_text":"","src":"","width":0,"height":0},"classes":[]},{"id":1270,"url":"https:\/\/bomshopping.com.br\/bem-vindo\/home-copy\/","url_meta":{"origin":25,"position":1},"title":"Home &#8211; BKP211126","date":"26 de novembro de 2021","format":false,"excerpt":"Solu\u00e7\u00f5es completas para o seu neg\u00f3cio na Web Tecnologia e Inova\u00e7\u00e3o Tudo o que voc\u00ea precisa para o seu neg\u00f3cio em um s\u00f3 lugar. Saiba + Como o nosso conhecimento pode ajudar no seu neg\u00f3cio? O Bomshopping ajuda a sua empresa a desenvolver o seu neg\u00f3cio na Internet oferecendo e\u2026","rel":"","context":"Post similar","img":{"alt_text":"Customer Service Representative","src":"https:\/\/i0.wp.com\/bomshopping.com.br\/bem-vindo\/wp-content\/uploads\/2021\/11\/contact-management-bs-scaled.jpg?resize=350%2C200&ssl=1","width":350,"height":200},"classes":[]},{"id":19,"url":"https:\/\/bomshopping.com.br\/bem-vindo\/quem-somos-bomshopping\/","url_meta":{"origin":25,"position":2},"title":"Quem Somos","date":"19 de junho de 2017","format":false,"excerpt":"Quem Somos Criamos e Desenvolvemos Solu\u00e7\u00f5es para Neg\u00f3cios na Web Nosso objetivo \u00e9 oferecer para o nosso p\u00fablico alvo, o empreendedor e empresas em geral, uma oportunidade para ter em um \u00fanico local toda a infraestrutura e servi\u00e7o necess\u00e1rios para desenvolver neg\u00f3cios no ambiente Web. Como atuamos Com v\u00e1rias solu\u00e7\u00f5es\u2026","rel":"","context":"Post similar","img":{"alt_text":"","src":"","width":0,"height":0},"classes":[]},{"id":21,"url":"https:\/\/bomshopping.com.br\/bem-vindo\/servicos\/","url_meta":{"origin":25,"position":3},"title":"Servi\u00e7os","date":"19 de junho de 2017","format":false,"excerpt":"Servi\u00e7os Oferecemos para o seu neg\u00f3cio uma extensa gama de servi\u00e7os na Internet Com uma experi\u00eancia pr\u00e1tica em v\u00e1rios segmentos do mercado, oferecemos solu\u00e7\u00f5es na Internet, baseadas em produtos e servi\u00e7os, de forma centralizada e ajustavel.\u00a0\u00a0 S\u00e3o servi\u00e7os de consultoria, treinamento, marketing, infraestrutura, automa\u00e7\u00e3o de processos, an\u00e1lise de informa\u00e7\u00e3o e\u2026","rel":"","context":"Post similar","img":{"alt_text":"","src":"","width":0,"height":0},"classes":[]},{"id":2,"url":"https:\/\/bomshopping.com.br\/bem-vindo\/pagina-exemplo\/","url_meta":{"origin":25,"position":4},"title":"P\u00e1gina de exemplo","date":"12 de novembro de 2021","format":false,"excerpt":"Esta \u00e9 uma p\u00e1gina de exemplo. \u00c9 diferente de um post no blog porque ela permanecer\u00e1 em um lugar e aparecer\u00e1 na navega\u00e7\u00e3o do seu site na maioria dos temas. Muitas pessoas come\u00e7am com uma p\u00e1gina que as apresenta a poss\u00edveis visitantes do site. Ela pode dizer algo assim: Ol\u00e1!\u2026","rel":"","context":"Post similar","img":{"alt_text":"","src":"","width":0,"height":0},"classes":[]},{"id":3,"url":"https:\/\/bomshopping.com.br\/bem-vindo\/politica-de-privacidade\/","url_meta":{"origin":25,"position":5},"title":"Pol\u00edtica de privacidade","date":"12 de novembro de 2021","format":false,"excerpt":"Quem somos Texto sugerido: O endere\u00e7o do nosso site \u00e9: https:\/\/bomshopping.com.br\/bem-vindo. Coment\u00e1rios Texto sugerido: Quando os visitantes deixam coment\u00e1rios no site, coletamos os dados mostrados no formul\u00e1rio de coment\u00e1rios, al\u00e9m do endere\u00e7o de IP e de dados do navegador do visitante, para auxiliar na detec\u00e7\u00e3o de spam. Uma sequ\u00eancia anonimizada\u2026","rel":"","context":"Post similar","img":{"alt_text":"","src":"","width":0,"height":0},"classes":[]}],"_links":{"self":[{"href":"https:\/\/bomshopping.com.br\/bem-vindo\/wp-json\/wp\/v2\/pages\/25","targetHints":{"allow":["GET"]}}],"collection":[{"href":"https:\/\/bomshopping.com.br\/bem-vindo\/wp-json\/wp\/v2\/pages"}],"about":[{"href":"https:\/\/bomshopping.com.br\/bem-vindo\/wp-json\/wp\/v2\/types\/page"}],"author":[{"embeddable":true,"href":"https:\/\/bomshopping.com.br\/bem-vindo\/wp-json\/wp\/v2\/users\/1"}],"replies":[{"embeddable":true,"href":"https:\/\/bomshopping.com.br\/bem-vindo\/wp-json\/wp\/v2\/comments?post=25"}],"version-history":[{"count":8,"href":"https:\/\/bomshopping.com.br\/bem-vindo\/wp-json\/wp\/v2\/pages\/25\/revisions"}],"predecessor-version":[{"id":1587,"href":"https:\/\/bomshopping.com.br\/bem-vindo\/wp-json\/wp\/v2\/pages\/25\/revisions\/1587"}],"wp:attachment":[{"href":"https:\/\/bomshopping.com.br\/bem-vindo\/wp-json\/wp\/v2\/media?parent=25"}],"curies":[{"name":"wp","href":"https:\/\/api.w.org\/{rel}","templated":true}]}}