{"id":21,"date":"2017-06-19T07:07:39","date_gmt":"2017-06-19T10:07:39","guid":{"rendered":"https:\/\/bomshopping.com.br\/bem-vindo\/services\/"},"modified":"2022-01-30T23:41:29","modified_gmt":"2022-01-31T02:41:29","slug":"servicos","status":"publish","type":"page","link":"https:\/\/bomshopping.com.br\/bem-vindo\/servicos\/","title":{"rendered":"Servi\u00e7os"},"content":{"rendered":"\n\n\t<h1>\n\t\t\t\t\tServi\u00e7os\n\t\t\t\t<\/h1>\n\t<h4>\n\t\t\t\t\tOferecemos para o seu neg\u00f3cio uma extensa gama de servi\u00e7os na Internet \n\t\t\t\t<\/h4>\n\t\t\t<p>Com uma experi\u00eancia pr\u00e1tica em v\u00e1rios segmentos do mercado, oferecemos solu\u00e7\u00f5es na Internet, baseadas em produtos e servi\u00e7os, de forma centralizada e ajustavel.\u00a0\u00a0 S\u00e3o servi\u00e7os de <em>consultoria<\/em>, <em>treinamento<\/em>, <em>marketing<\/em>, <em>infraestrutura<\/em>, <em>automa\u00e7\u00e3o de processos<\/em>, <em>an\u00e1lise de informa\u00e7\u00e3o<\/em> e <em>indicadores de performance<\/em>.<\/p>\n\t<h3>\n\t\t\t\t\tPrincipais Servi\u00e7os\n\t\t\t\t<\/h3>\n\t\t\t<p>O Bomshopping ajuda a sua empresa a desenvolver o seu neg\u00f3cio na Internet oferecendo e integrando as principais ferramentas tecnol\u00f3gicas necess\u00e1rias. Tudo isto com foco no Neg\u00f3cio!<\/p>\n\t<ul>\n\t\t<li>\t\t\t\t\n\t\t<h4>Websites Responsivos Est\u00e1ticos ou em WordPress<\/h4><p>Seja no Computador, no Pad ou no Celular, construa a sua marca, alcance novos clientes, suporte os seus atuais clientes, gerencie o seu neg\u00f3cio e divulgue seus parceiros, seus produtos e servi\u00e7os. <br \/><\/p><\/li>\t<\/ul>\n\t<ul>\n\t\t<li>\t\t\t\t\n\t\t<h4>Desenvolvimento &#8220;Full-Stack&#8221; de Sistemas Web <\/h4>H\u00e1 mais de 20 anos desenvolvemos solu\u00e7\u00f5es de front-end e back-end  em ambiente Web, com foco no Neg\u00f3cio. Temos v\u00e1rios m\u00f3dulos prontos para uso no modelo SAAS (Software como Servi\u00e7o.<br \/><\/li>\t<\/ul>\n\t<ul>\n\t\t<li>\t\t\t\t\n\t\t<h4>Digital Marketing<\/h4> Entenda como alavancar a sua marca ou promover e vender produtos e servi\u00e7os por meio de t\u00e1ticas como Campanhas, Otimiza\u00e7\u00e3o para os Mecanismos de Busca, A\u00e7\u00f5es de M\u00eddia Social, An\u00fancios com Pagamento por Clique, Chats Online e  eMail Marketing.<\/li>\t<\/ul>\n\t<ul>\n\t\t<li>\t\t\t\t\n\t\t<h4>eCommerce<\/h4><p>Solu\u00e7\u00e3o completa para vender online. Plataforma Woocommerce ou personalizada &#8220;sob-medida&#8221;.  <em>Maketing Digital, Gateways de Pagamento, Log\u00edstica, Acompanhamento, Controle de Estoque, Relat\u00f3rios e  Integra\u00e7\u00e3o<\/em> com outros sistemas.<\/p><\/li>\t<\/ul>\n\t<ul>\n\t\t<li>\t\t\t\t\n\t\t<h4>Social Media<\/h4><p>A intelig\u00eancia do seu neg\u00f3cio compartilhada, com sinergia e de forma integrada, entre o seu Website e as principais Redes Sociais: Integra\u00e7\u00e3o t\u00e9cnica e mercadol\u00f3gica com Instragam, LinkeEdin e Pinterest.<\/p><\/li>\t<\/ul>\n\t<ul>\n\t\t<li>\t\t\t\t\n\t\t<h4>Data Analytics<\/h4><p><em>Aquisi\u00e7\u00e3o, conex\u00e3o e formata\u00e7\u00e3o de dados<\/em>, quando necess\u00e1rio, mas com foco principal na <em>an\u00e1lise de dados<\/em>, atrav\u00e9s de <em>Gr\u00e1ficos ou Modelos Estat\u00edsticos<\/em> para obter Insights e auxiliar na tomada de decis\u00f5es.<\/p><\/li>\t<\/ul>\n\t<ul>\n\t\t<li>\t\t\t\t\n\t\t<h4>Dashboards<\/h4><p><em>Pain\u00e9is din\u00e2mico<\/em>s, padr\u00e3o ou personalizados, com as principais <em>M\u00e9tricas<\/em> alinhadas ao seu Neg\u00f3cio. Facilitam a interpreta\u00e7\u00e3o da resposta as a\u00e7\u00f5es realizadas, em tempo real ou de forma quase imediata, e ajudam a alcan\u00e7ar Insights e na tomada de decis\u00e3o<\/p><\/li>\t<\/ul>\n\t<ul>\n\t\t<li>\t\t\t\t\n\t\t<h4>Web Hosting<\/h4><p>Infraestrutura Web personalizada completa para suportar a sua solu\u00e7\u00e3o na Internet.   Com diferentes configura\u00e7\u00f5es para as diferentes necessidades, centralizamos o atendimento e suporte para a Hospedagem do Website, o Banco de Dados, eMails, chave SSL, Cyber Seguran\u00e7a e Estat\u00edsticas de Acesso.<\/p><\/li>\t<\/ul>\n\t<ul>\n\t\t<li>\t\t\t\t\n\t\t<h4>Manuten\u00e7\u00e3o &#038; Suporte<\/h4><p>Mitiga e resolve os <em>problemas e gargalos na Web<\/em> que ocorrem pelos mais diversos motivos, como por exemplo: <em>Mudan\u00e7a na Tecnologia dos Navegadores<\/em>, <em>queda no servi\u00e7o da Internet<\/em>, <em>Sistemas de Cyber Seguran\u00e7a<\/em>, problemas pontuais na Infraestrutura, integra\u00e7\u00e3o com outros sistemas e mesmo a falta de <em>conhecimento t\u00e9cnico do usu\u00e1rio<\/em>.<\/p><\/li>\t<\/ul>\n\t<h2>\n\t\t\t\t\tServi\u00e7os Complementares\n\t\t\t\t<\/h2>\n\t\t\t<p>Em muitos projetos, al\u00e9m dos nossos principais servi\u00e7os, surgem demandas ou necessidades de nossos clientes, que costumam aparecer de maneiras diferentes e em situa\u00e7\u00f5es diferentes, e que tamb\u00e9m atendemos de forma complementar, seja terceirizando, seja atuando diretamente.\u00a0<\/p>\n\t\t\t<a href=\"#servicos_principais\" target=\"_self\" role=\"button\" rel=\"noopener\">\n\t\t\t\t\t\t\tClique para os Principais Servi\u00e7os\n\t\t\t\t\t<\/a>\n\t<ul>\n\t\t<li>\t\t\t\t\n\t\t<h4>Consultoria<\/h4><p>Compartilhamento de experi\u00eancias vivenciadas com foco em adequar o neg\u00f3cio do cliente as melhores pr\u00e1ticas no uso da Tecnologia da Informa\u00e7\u00e3o, seja para otimizar precessos, seja para captar novas oportunidades de neg\u00f3cios nos meios digitais (Internet).<\/p><\/li>\t<\/ul>\n\t<ul>\n\t\t<li>\t\t\t\t\n\t\t<h4>Treinamento<\/h4><p>Al\u00e9m de treinar nossos clientes no uso de nossa tecnologia, oferecemos treinamentos nas ferramentas mais utilizadas no cen\u00e1rio em que atuamos, como por exemplo: WordPress, Google Analitcs, Google Adwords, Linguagem R, Programa\u00e7\u00e3o na Web e Banco de Dados.<\/p><\/li>\t<\/ul>\n\t<ul>\n\t\t<li>\t\t\t\t\n\t\t<h4>Arquitetura da Solu\u00e7\u00e3o<\/h4><p>Desenhamos solu\u00e7\u00f5es para o seu neg\u00f3cio baseadas na combina\u00e7\u00e3o de Software e Hardware identificados como necess\u00e1rios, de forma otimizada, com margem de seguran\u00e7a e mitiga\u00e7\u00e3o de riscos, seguindo as melhores pr\u00e1ticas de TI.<\/p><\/li>\t<\/ul>\n\t<ul>\n\t\t<li>\t\t\t\t\n\t\t<h4>Governan\u00e7a<\/h4><p> A <b>governan\u00e7a <\/b>promove as melhores pr\u00e1ticas de gest\u00e3o empresarial, otimizando processos, gerenciando riscos e definindo m\u00e9tricas. \u00a0 Ajuda tamb\u00e9m a facilitar o relacionamento com investidores, qualificar a percep\u00e7\u00e3o do mercado e aumentar o controle interno.\u00a0 Existem no mercado v\u00e1rios frameworks adequados para diferentes tipos de processos de neg\u00f3cios.<br \/><\/p><\/li>\t<\/ul>\n\t<ul>\n\t\t<li>\t\t\t\t\n\t\t<h4>Seguran\u00e7a da Informa\u00e7\u00e3o<\/h4><p>Oferecemos completa assessoria para mitigar, evitar, localizar e ou eliminar os principais tipos de vulnerabilidades a ataques inerentes as tecnologias utilizadas: <em>DoS, DDoS, Botnets e Zubis, Phising, mishing, Vishing, Whalig, Adultera\u00e7\u00e3o, Malware, Roubo de Dados, Ransomware, Pol\u00edticas de Senhas, Lei Geral de Prote\u00e7\u00e3o de Dados( LGPD), Backups e Restaura\u00e7\u00f5es.<\/em><\/p><\/li>\t<\/ul>\n\t<ul>\n\t\t<li>\t\t\t\t\n\t\t<h4>Gerenciamento de Projetos<\/h4><p>Ao longo de nossa experi\u00eancia temos participado de projetos de semanas, meses, at\u00e9 projetos de 2 a 3 anos, que demandam a intera\u00e7\u00e3o de equipes internas e externas, e muitas vezes com abordagem multidiciplinar.\u00a0\u00a0 Neste processo interagimos de forma eficaz com pessoas com diferentes viv\u00eancias e expectativas, gerenciando metas e prazos.<\/p><\/li>\t<\/ul>\n\t<ul>\n\t\t<li>\t\t\t\t\n\t\t<h4>Otimiza\u00e7\u00e3o de Websites<\/h4><p><em>Velocidade no carregamento da p\u00e1gina<\/em>, <em>Responsividade<\/em>, <em>Interface Intuitiva e Amigavel<\/em>, <em>Backlinks<\/em>, <em>Conte\u00fado de Qualidade,<\/em> <em>Hub para Rede Sociais<\/em>, <em>Imagens Legalizadas<\/em>, Facilidade no Contato do Cliente, utiliza\u00e7\u00e3o de <em>Cookies<\/em>, <em>Pol\u00edtica de Privacidade<\/em>, utiliza\u00e7\u00e3o de <em>Cache e CDN<\/em>; \u00a0 A integra\u00e7\u00e3o de todos estes fatores \u00e9 o segredo para uma boa experi\u00eancia do usu\u00e1rio e um excelente posicionamento junto aos <em>Mecanismos de Busca<\/em> como\u00a0 Google, o Bing e o Yahoo.<br \/><\/p><\/li>\t<\/ul>\n\t<ul>\n\t\t<li>\t\t\t\t\n\t\t<h4>Banco de Imagens<\/h4><p>As imagens de qualidade s\u00e3o um forte diferencial no marketing e publicidade, principalmente na Web. Tanto para sites, redes sociais, blogs, e sistemas de modo geral, o aspecto visual em muito contribui para a efic\u00e1cia da comunica\u00e7\u00e3o. Para evitar futuros problemas legais, relacionados a propriedade da imagem, utilizamos imagens legalizadas, adquiridas nos melhores <em>Bancos de Imagens<\/em> <em>(Stocks)<\/em> do mercado.<\/p><\/li>\t<\/ul>\n\t<ul>\n\t\t<li>\t\t\t\t\n\t\t<h4>Gera\u00e7\u00e3o de Conte\u00fado<\/h4><p><em>Cria\u00e7\u00e3o<\/em> de textos, v\u00eddeos, ebooks, posts em blogs, websites e redes sociais, com conte\u00fado relevante e segmentado, seja para o lan\u00e7amento de um novo Website, seja de maneira cont\u00ednua.\u00a0 O foco do conte\u00fado \u00e9 informar ao visitante sobre determinado assunto, baseado no conhecimento t\u00e9cnico ou acad\u00eamico, e no <em>Bench Mark<\/em> do segmento.\u00a0\u00a0 A linguagem do Conte\u00fado deve ser did\u00e1tica e com um vocabul\u00e1rio comum e acess\u00edvel ao Cliente.<br \/><\/p><\/li>\t<\/ul>\n\t<h3>\n\t\t\t\t\tGostou do nosso Portfolio?  Vamos fazer algo juntos?\n\t\t\t\t<\/h3>\n\t\t\t<p>Diga-nos mais sobre o seu projeto!!!<\/p>\n\t\t\t<a href=\"\/bem-vindo\/contato\" target=\"_self\" role=\"button\" rel=\"noopener\">\n\t\t\t\t\t\tFale Conosco\n\t\t<\/a>\n\n","protected":false},"excerpt":{"rendered":"<p>Servi\u00e7os Oferecemos para o seu neg\u00f3cio uma extensa gama de servi\u00e7os na Internet Com uma experi\u00eancia pr\u00e1tica em v\u00e1rios segmentos do mercado, oferecemos solu\u00e7\u00f5es na Internet, baseadas em produtos e servi\u00e7os, de forma centralizada e ajustavel.\u00a0\u00a0 S\u00e3o servi\u00e7os de consultoria, treinamento, marketing, infraestrutura, automa\u00e7\u00e3o de processos, an\u00e1lise de informa\u00e7\u00e3o e indicadores de performance. Principais Servi\u00e7os &hellip;<\/p>\n<p class=\"read-more\"> <a class=\"\" href=\"https:\/\/bomshopping.com.br\/bem-vindo\/servicos\/\"> <span class=\"screen-reader-text\">Servi\u00e7os<\/span> Leia mais \u00bb<\/a><\/p>\n","protected":false},"author":1,"featured_media":0,"parent":0,"menu_order":0,"comment_status":"closed","ping_status":"closed","template":"","meta":{"om_disable_all_campaigns":false,"_monsterinsights_skip_tracking":false,"_monsterinsights_sitenote_active":false,"_monsterinsights_sitenote_note":"","_monsterinsights_sitenote_category":0,"site-sidebar-layout":"no-sidebar","site-content-layout":"page-builder","ast-main-header-display":"","ast-hfb-above-header-display":"","ast-hfb-below-header-display":"","ast-hfb-mobile-header-display":"","site-post-title":"disabled","ast-breadcrumbs-content":"","ast-featured-img":"disabled","footer-sml-layout":"","theme-transparent-header-meta":"","adv-header-id-meta":"","stick-header-meta":"","header-above-stick-meta":"","header-main-stick-meta":"","header-below-stick-meta":"","spay_email":"","footnotes":""},"class_list":["post-21","page","type-page","status-publish","hentry"],"aioseo_notices":[],"uagb_featured_image_src":{"full":false,"thumbnail":false,"medium":false,"medium_large":false,"large":false,"1536x1536":false,"2048x2048":false},"uagb_author_info":{"display_name":"admin","author_link":"https:\/\/bomshopping.com.br\/bem-vindo\/author\/admin\/"},"uagb_comment_info":0,"uagb_excerpt":"Servi\u00e7os Oferecemos para o seu neg\u00f3cio uma extensa gama de servi\u00e7os na Internet Com uma experi\u00eancia pr\u00e1tica em v\u00e1rios segmentos do mercado, oferecemos solu\u00e7\u00f5es na Internet, baseadas em produtos e servi\u00e7os, de forma centralizada e ajustavel.\u00a0\u00a0 S\u00e3o servi\u00e7os de consultoria, treinamento, marketing, infraestrutura, automa\u00e7\u00e3o de processos, an\u00e1lise de informa\u00e7\u00e3o e indicadores de performance. Principais Servi\u00e7os&hellip;","jetpack-related-posts":[{"id":1270,"url":"https:\/\/bomshopping.com.br\/bem-vindo\/home-copy\/","url_meta":{"origin":21,"position":0},"title":"Home &#8211; BKP211126","date":"26 de novembro de 2021","format":false,"excerpt":"Solu\u00e7\u00f5es completas para o seu neg\u00f3cio na Web Tecnologia e Inova\u00e7\u00e3o Tudo o que voc\u00ea precisa para o seu neg\u00f3cio em um s\u00f3 lugar. Saiba + Como o nosso conhecimento pode ajudar no seu neg\u00f3cio? O Bomshopping ajuda a sua empresa a desenvolver o seu neg\u00f3cio na Internet oferecendo e\u2026","rel":"","context":"Post similar","img":{"alt_text":"Customer Service Representative","src":"https:\/\/i0.wp.com\/bomshopping.com.br\/bem-vindo\/wp-content\/uploads\/2021\/11\/contact-management-bs-scaled.jpg?resize=350%2C200&ssl=1","width":350,"height":200},"classes":[]},{"id":1175,"url":"https:\/\/bomshopping.com.br\/bem-vindo\/produtos\/","url_meta":{"origin":21,"position":1},"title":"Produtos","date":"24 de novembro de 2021","format":false,"excerpt":"Produtos Oferecemos uma boa variedade de produtos modulares e\/ou integrados Com um grande ferramental pronto para ser personalizado, desenvolvemos rapidamente o seu processo de neg\u00f3cio na Internet a um custo acess\u00edvel, compat\u00edvel com o mercado. Principais Produtos O Bomshopping tem pronto e em opera\u00e7\u00e3o (ready to go) uma s\u00e9rie de\u2026","rel":"","context":"Post similar","img":{"alt_text":"Customer Service Representative","src":"https:\/\/i0.wp.com\/bomshopping.com.br\/bem-vindo\/wp-content\/uploads\/2021\/11\/contact-management-bs-scaled.jpg?resize=350%2C200&ssl=1","width":350,"height":200},"classes":[]},{"id":19,"url":"https:\/\/bomshopping.com.br\/bem-vindo\/quem-somos-bomshopping\/","url_meta":{"origin":21,"position":2},"title":"Quem Somos","date":"19 de junho de 2017","format":false,"excerpt":"Quem Somos Criamos e Desenvolvemos Solu\u00e7\u00f5es para Neg\u00f3cios na Web Nosso objetivo \u00e9 oferecer para o nosso p\u00fablico alvo, o empreendedor e empresas em geral, uma oportunidade para ter em um \u00fanico local toda a infraestrutura e servi\u00e7o necess\u00e1rios para desenvolver neg\u00f3cios no ambiente Web. Como atuamos Com v\u00e1rias solu\u00e7\u00f5es\u2026","rel":"","context":"Post similar","img":{"alt_text":"","src":"","width":0,"height":0},"classes":[]},{"id":1082,"url":"https:\/\/bomshopping.com.br\/bem-vindo\/","url_meta":{"origin":21,"position":3},"title":"Home","date":"19 de junho de 2017","format":false,"excerpt":"Solu\u00e7\u00f5es de TI na Web aplicadas ao seu neg\u00f3cio O Bomshopping ajuda a sua empresa a desenvolver o seu neg\u00f3cio na Internet oferecendo e integrando as principais ferramentas tecnol\u00f3gicas necess\u00e1rias.\u00a0 Tudo isto com foco no Neg\u00f3cio! Hospedagem Web Cria\u00e7\u00e3o de Sites Desenvolvimento SW Com\u00e9rcio Eletr\u00f4nico Marketing Digital Estat\u00edsticas Data Analytics\u2026","rel":"","context":"Post similar","img":{"alt_text":"","src":"","width":0,"height":0},"classes":[]},{"id":25,"url":"https:\/\/bomshopping.com.br\/bem-vindo\/contato-bomshopping\/","url_meta":{"origin":21,"position":4},"title":"Contato","date":"19 de junho de 2017","format":false,"excerpt":"Contato Consultoria, Projetos, Suporte, Produtos, Servi\u00e7os Entre em contato conosco, tire as suas d\u00favidas e explore novas oportunidades de neg\u00f3cios com a Internet Contato Fale Conosco Projetos ou Solu\u00e7\u00f5es de TI Cria\u00e7\u00e3o de Sites Hospedagem web Desenvolvimento de Sistemas Ecommerce Markting Digital Data Analitics Dashboards Modelos Estat\u00edsticos Manuten\u00e7\u00e3o de Sites\u2026","rel":"","context":"Post similar","img":{"alt_text":"","src":"","width":0,"height":0},"classes":[]},{"id":1179,"url":"https:\/\/bomshopping.com.br\/bem-vindo\/favoritos\/","url_meta":{"origin":21,"position":5},"title":"Favoritos","date":"24 de novembro de 2021","format":false,"excerpt":"Favoritos Aqui voc\u00ea encontra os sites que mais nos auxiliam em nossa jornada S\u00e3o mais de 200 links organizados e agrupados em 3 grandes categorias: Humanas, Tecnologia e Refer\u00eancias Humanas Not\u00edcias ClimaTempoGloboUOLEstad\u00e3oMSNTerraBOLCNNBrasilDi\u00e1rio de Not\u00edciasClarinCNNBILDBBCLeMondeElPaisla Republica Finan\u00e7as Banco do BrasilCEFBNDSIta\u00faBradescoSantanderPaypalPagSeguroCieloRedeXP InvestimentosNubankSerasa Investimentos BloombergValor Econ\u00f4micoValor InvesteValor DataExameInfomoneyHC InvestimentosGuia InvestGustavo CerbasiDinheiramaClube dos PoupadoresADVFNBastter\u2026","rel":"","context":"Post similar","img":{"alt_text":"","src":"","width":0,"height":0},"classes":[]}],"_links":{"self":[{"href":"https:\/\/bomshopping.com.br\/bem-vindo\/wp-json\/wp\/v2\/pages\/21","targetHints":{"allow":["GET"]}}],"collection":[{"href":"https:\/\/bomshopping.com.br\/bem-vindo\/wp-json\/wp\/v2\/pages"}],"about":[{"href":"https:\/\/bomshopping.com.br\/bem-vindo\/wp-json\/wp\/v2\/types\/page"}],"author":[{"embeddable":true,"href":"https:\/\/bomshopping.com.br\/bem-vindo\/wp-json\/wp\/v2\/users\/1"}],"replies":[{"embeddable":true,"href":"https:\/\/bomshopping.com.br\/bem-vindo\/wp-json\/wp\/v2\/comments?post=21"}],"version-history":[{"count":19,"href":"https:\/\/bomshopping.com.br\/bem-vindo\/wp-json\/wp\/v2\/pages\/21\/revisions"}],"predecessor-version":[{"id":1708,"href":"https:\/\/bomshopping.com.br\/bem-vindo\/wp-json\/wp\/v2\/pages\/21\/revisions\/1708"}],"wp:attachment":[{"href":"https:\/\/bomshopping.com.br\/bem-vindo\/wp-json\/wp\/v2\/media?parent=21"}],"curies":[{"name":"wp","href":"https:\/\/api.w.org\/{rel}","templated":true}]}}