{"id":19,"date":"2017-06-19T07:07:27","date_gmt":"2017-06-19T10:07:27","guid":{"rendered":"https:\/\/bomshopping.com.br\/bem-vindo\/about\/"},"modified":"2022-06-21T12:04:15","modified_gmt":"2022-06-21T15:04:15","slug":"quem-somos-bomshopping","status":"publish","type":"page","link":"https:\/\/bomshopping.com.br\/bem-vindo\/quem-somos-bomshopping\/","title":{"rendered":"Quem Somos"},"content":{"rendered":"\n\n\t<h1>\n\t\t\t\t\tQuem Somos\n\t\t\t\t<\/h1>\n\t<h3>\n\t\t\t\t\tCriamos e Desenvolvemos Solu\u00e7\u00f5es para Neg\u00f3cios na Web\n\t\t\t\t<\/h3>\n\t\t\t<p>Nosso objetivo \u00e9 oferecer para o nosso p\u00fablico alvo, o empreendedor e empresas em geral, uma oportunidade para ter em um \u00fanico local toda a infraestrutura e servi\u00e7o necess\u00e1rios para desenvolver neg\u00f3cios no ambiente Web.<\/p>\n\t<h2>\n\t\t\t\t\tComo atuamos\n\t\t\t\t<\/h2>\n\t\t\t<p>Com v\u00e1rias solu\u00e7\u00f5es j\u00e1 desenvolvidas, oferecemos como modelo padr\u00e3o o <em><strong>Software como Servi\u00e7o (SaaS)<\/strong><\/em>. Neste modelo partimos de uma plataforma, j\u00e1 semi-pronta, que ser\u00e1 personalizada para o processo de neg\u00f3cio do nosso cliente.\u00a0\u00a0 Fazendo desta maneira, o cliente arca com um custo menor de desenvolvimento e tem a solu\u00e7\u00e3o implantada em um menor tempo. A mensalidade paga garante a manuten\u00e7\u00e3o constante da solu\u00e7\u00e3o e o seu aprimoramente.\u00a0\u00a0\u00a0 Deixamos para o cliente a op\u00e7\u00e3o de pagar pela licen\u00e7a da plataforma base j\u00e1 pronta e desenvolvida.<\/p>\n<p>Tamb\u00e9m temos a <strong><em>possibilidade de trabalharmos por hora<\/em><\/strong> em projetos j\u00e1 definidos ou mesmo em <strong><em>consultoria<\/em><\/strong> para assuntos relacionados a nossa expertise.<\/p>\n\t<h3>\n\t\t\t\t\tQuem Somos\n\t\t\t\t<\/h3>\n\t\t\t<p>Empresa de <em>Tecnologia da Informa\u00e7\u00e3o<\/em> com <em><strong>Foco no Neg\u00f3cio<\/strong><\/em> de nossos clientes na Internet<\/p>\n\t<h3>\n\t\t\t\t\tNosssa Miss\u00e3o\n\t\t\t\t<\/h3>\n\t\t\t<p><em><strong>Alavancar o Neg\u00f3cio do nosso cliente<\/strong><\/em> atrav\u00e9s da nossa expertise em Solu\u00e7\u00f5es na Internet<\/p>\n\t<h3>\n\t\t\t\t\tO que fazemos\n\t\t\t\t<\/h3>\n\t\t\t<p><em><strong>Websites, Software como Servi\u00e7o (SaaS), Consultoria e Projetos<\/strong><\/em> de solu\u00e7\u00f5es para neg\u00f3cios na Internet<\/p>\n\t<h2>\n\t\t\t\t\tNossa Hist\u00f3ria\n\t\t\t\t<\/h2>\n\t\t\t<p>Nossas atividades tiveram in\u00edcio em 2001.\u00a0 Desde ent\u00e3o criamos uma expertise de cria\u00e7\u00e3o e desenvolvimento de solu\u00e7\u00f5es na Internet, juntamente com nossos clientes e parceiros. Inic\u00edamos com solu\u00e7\u00f5es de com\u00e9rcio elet\u00f4nico e websites e expandimos para solu\u00e7\u00f5es de gest\u00e3o e an\u00e1lise de dados. Temos clientes espalhados por todo o Brasil.<\/p>\n\t<h2>\n\t\t\t\t\tO Caminho a seguir\n\t\t\t\t<\/h2>\n\t<h3>\n\t\t\t\t\tAn\u00e1lise\n\t\t\t\t<\/h3>\n\t\t\t<p>Nosso cliente nos relata, por exemplo, como \u00e9 a sua opera\u00e7\u00e3o, as caracter\u00edsticas do seu neg\u00f3cio, qual \u00e9 o seu objetivo e quais metas deseja alcan\u00e7ar com a nova solu\u00e7\u00e3o.\u00a0\u00a0 Nesse per\u00edodo eventualmente aparecem sugest\u00f5es para otimizar os processos de neg\u00f3cio e o acompanhamento atrav\u00e9s de uma consultoria.<\/p>\n\t<h3>\n\t\t\t\t\tDefini\u00e7\u00e3o de Escopo\n\t\t\t\t<\/h3>\n\t\t\t<p>Elaboramos junto com o cliente quais requisitos a solu\u00e7\u00e3o deve atender, exemplo:\u00a0<\/p>\n<ul>\n<li>Como o cliente deve ser encontrado na Internet<\/li>\n<li>Qual o processo, as etapas e a apresenta\u00e7\u00e3o para o seu p\u00fablico alvo<\/li>\n<li>Qual a m\u00e9trica necess\u00e1ria para avaliar os resultados<\/li>\n<\/ul>\n\t<h3>\n\t\t\t\t\tProjeto: Como fazer\n\t\t\t\t<\/h3>\n\t\t\t<p>Como atender os requisitos definidos no escopo, exemplo:<\/p>\n<ul>\n<li>Qual a infraestrutura necess\u00e1ria<\/li>\n<li>Quais ferramentas utilizar<\/li>\n<li>Qual o fluxo de dados\/informa\u00e7\u00e3o<\/li>\n<li>Quais modulos, entradas e saidas de dados<\/li>\n<li>Qual o relacionamento entre as partes<\/li>\n<\/ul>\n\t<h3>\n\t\t\t\t\tDesenvolvimento\n\t\t\t\t<\/h3>\n\t\t\t<p>Come\u00e7a o processo de construir a solu\u00e7\u00e3o, juntando os m\u00f3dulos (programas de computador) que devem ser contru\u00eddos e\/ou que j\u00e1 existem, necess\u00e1rios para atender a apresenta\u00e7\u00e3o e o fluxo de dados e registros como cadastros de clientes, or\u00e7amentos, registros de compra e venda, estoque, log\u00edstica, comiss\u00f5es, agendamentos, e muito mais.<\/p>\n\t<h3>\n\t\t\t\t\tImplanta\u00e7\u00e3o\n\t\t\t\t<\/h3>\n\t\t\t<p>A solu\u00e7\u00e3o \u00e9 disponibilizada no seu ambiente de uso (ou produ\u00e7\u00e3o) e \u00e9 dado o in\u00edcio da utiliza\u00e7\u00e3o da solu\u00e7\u00e3o, primeiro a n\u00edvel de testes para a aceita\u00e7\u00e3o final do cliente.\u00a0\u00a0 Dependendo da complexidade da solu\u00e7\u00e3o, \u00e9 feita primeiro a implanta\u00e7\u00e3o de uma <strong><em>Prova de Conceito (POC)<\/em><\/strong>, que seria um <strong><em>prot\u00f3tipo<\/em><\/strong> ou um resumo da solu\u00e7\u00e3o completa para testar a <strong><em>conformidade<\/em><\/strong> da funcionalidade da solu\u00e7\u00e3o junto ao<strong><em> escopo<\/em><\/strong>.<\/p>\n\t<h3>\n\t\t\t\t\tM\u00e9trica e Manuten\u00e7\u00e3o\n\t\t\t\t<\/h3>\n\t\t\t<p>O ideal \u00e9 que, atrav\u00e9s de tabelas comparativas e gr\u00e1ficos,\u00a0 par\u00e2metros como por exemplo o n\u00famero de visitas, o tempo de reten\u00e7\u00e3o das visitas, a origem das visitas, n\u00famero de vendas realizadas, performance como a velocidade de resposta da solu\u00e7\u00e3o, usabilidade, indexa\u00e7\u00e3o junto aos mecanismos de buscas, estabilidade na intera\u00e7\u00e3o e outras quest\u00f5es de relev\u00e2ncia, sejam medidas constantemente e ajustes sejam realizados em cima destas observa\u00e7\u00f5es.<\/p>\n\t<h3>\n\t\t\t\t\tPor que escolher a gente?\n\t\t\t\t<\/h3>\n\t<ul>\n\t\t<li><h5>Longa experi\u00eancia de Tecnologia aplicada a Neg\u00f3cios<\/h5><p>Atuando h\u00e1 mais de 20 anos no mercado, com v\u00e1rios projetos e solu\u00e7\u00f5es realizadas, temos uma excelente refer\u00eancia para saber o que d\u00e1 certo e o que d\u00e1 errado.\u00a0 Al\u00e9m do aspecto t\u00e9cnico, existe o aspecto mercadol\u00f3gico, psicol\u00f3gico e emocional que analisamos e procuramos alertar a medida do que for poss\u00edvel.<\/p><\/li><li><h5>Atendimento e suporte centralizado<\/h5>A medida que se inicia a jornada, desde o in\u00edcio do relacionamento comercial, at\u00e9 a implanta\u00e7\u00e3o e uso da solu\u00e7\u00e3o, v\u00e1rias d\u00favidas, necessidades de ajustes, mudan\u00e7as tecnol\u00f3gicas e de neg\u00f3cio v\u00e3o ocorrendo.\u00a0 Trabalhando conosco, tudo isto fica centralizado sob nossa gest\u00e3o como parceiro tecnol\u00f3gico, evitando a necessidade de fazer diferentes contatos slucionar erros, falhas, d\u00favidas e demais ocorr\u00eancias naturais do processo.<\/li><li><h5>Comprometimento no desenvolvimento do neg\u00f3cio em parceria com o cliente<\/h5>O sucesso de nosso cliente \u00e9 o nosso sucesso, assim temos total comprometimento com o resultado ao longo do tempo, sempre procurando respostas para as quest\u00f5es que surgem ao longo do tempo e negociando novas solu\u00e7\u00f5es, a um pre\u00e7o justo (ganha-ganha) quando assim \u00e9 necess\u00e1rio.<\/li>\t<\/ul>\n\t<h2>\n\t\t\t\t\t20+\n\t\t\t\t<\/h2>\n\t\t\t<p>Tempo no mercado (anos)<\/p>\n\t<h2>\n\t\t\t\t\t100+\n\t\t\t\t<\/h2>\n\t\t\t<p>Projetos implantados<\/p>\n\t<h2>\n\t\t\t\t\t20+\n\t\t\t\t<\/h2>\n\t\t\t<p>Produtos Pr\u00e9-constru\u00eddos<\/p>\n\t<h2>\n\t\t\t\t\t18+\n\t\t\t\t<\/h2>\n\t\t\t<p>Tipos de Servi\u00e7os Oferecidos<\/p>\n\t\t\n","protected":false},"excerpt":{"rendered":"<p>Quem Somos Criamos e Desenvolvemos Solu\u00e7\u00f5es para Neg\u00f3cios na Web Nosso objetivo \u00e9 oferecer para o nosso p\u00fablico alvo, o empreendedor e empresas em geral, uma oportunidade para ter em um \u00fanico local toda a infraestrutura e servi\u00e7o necess\u00e1rios para desenvolver neg\u00f3cios no ambiente Web. Como atuamos Com v\u00e1rias solu\u00e7\u00f5es j\u00e1 desenvolvidas, oferecemos como modelo &hellip;<\/p>\n<p class=\"read-more\"> <a class=\"\" href=\"https:\/\/bomshopping.com.br\/bem-vindo\/quem-somos-bomshopping\/\"> <span class=\"screen-reader-text\">Quem Somos<\/span> Leia mais \u00bb<\/a><\/p>\n","protected":false},"author":1,"featured_media":0,"parent":0,"menu_order":0,"comment_status":"closed","ping_status":"closed","template":"","meta":{"om_disable_all_campaigns":false,"_monsterinsights_skip_tracking":false,"_monsterinsights_sitenote_active":false,"_monsterinsights_sitenote_note":"","_monsterinsights_sitenote_category":0,"site-sidebar-layout":"no-sidebar","site-content-layout":"page-builder","ast-main-header-display":"","ast-hfb-above-header-display":"","ast-hfb-below-header-display":"","ast-hfb-mobile-header-display":"","site-post-title":"disabled","ast-breadcrumbs-content":"","ast-featured-img":"disabled","footer-sml-layout":"","theme-transparent-header-meta":"","adv-header-id-meta":"","stick-header-meta":"","header-above-stick-meta":"","header-main-stick-meta":"","header-below-stick-meta":"","spay_email":"","footnotes":""},"class_list":["post-19","page","type-page","status-publish","hentry"],"aioseo_notices":[],"uagb_featured_image_src":{"full":false,"thumbnail":false,"medium":false,"medium_large":false,"large":false,"1536x1536":false,"2048x2048":false},"uagb_author_info":{"display_name":"admin","author_link":"https:\/\/bomshopping.com.br\/bem-vindo\/author\/admin\/"},"uagb_comment_info":0,"uagb_excerpt":"Quem Somos Criamos e Desenvolvemos Solu\u00e7\u00f5es para Neg\u00f3cios na Web Nosso objetivo \u00e9 oferecer para o nosso p\u00fablico alvo, o empreendedor e empresas em geral, uma oportunidade para ter em um \u00fanico local toda a infraestrutura e servi\u00e7o necess\u00e1rios para desenvolver neg\u00f3cios no ambiente Web. Como atuamos Com v\u00e1rias solu\u00e7\u00f5es j\u00e1 desenvolvidas, oferecemos como modelo&hellip;","jetpack-related-posts":[{"id":1270,"url":"https:\/\/bomshopping.com.br\/bem-vindo\/home-copy\/","url_meta":{"origin":19,"position":0},"title":"Home &#8211; BKP211126","date":"26 de novembro de 2021","format":false,"excerpt":"Solu\u00e7\u00f5es completas para o seu neg\u00f3cio na Web Tecnologia e Inova\u00e7\u00e3o Tudo o que voc\u00ea precisa para o seu neg\u00f3cio em um s\u00f3 lugar. Saiba + Como o nosso conhecimento pode ajudar no seu neg\u00f3cio? O Bomshopping ajuda a sua empresa a desenvolver o seu neg\u00f3cio na Internet oferecendo e\u2026","rel":"","context":"Post similar","img":{"alt_text":"Customer Service Representative","src":"https:\/\/i0.wp.com\/bomshopping.com.br\/bem-vindo\/wp-content\/uploads\/2021\/11\/contact-management-bs-scaled.jpg?resize=350%2C200&ssl=1","width":350,"height":200},"classes":[]},{"id":21,"url":"https:\/\/bomshopping.com.br\/bem-vindo\/servicos\/","url_meta":{"origin":19,"position":1},"title":"Servi\u00e7os","date":"19 de junho de 2017","format":false,"excerpt":"Servi\u00e7os Oferecemos para o seu neg\u00f3cio uma extensa gama de servi\u00e7os na Internet Com uma experi\u00eancia pr\u00e1tica em v\u00e1rios segmentos do mercado, oferecemos solu\u00e7\u00f5es na Internet, baseadas em produtos e servi\u00e7os, de forma centralizada e ajustavel.\u00a0\u00a0 S\u00e3o servi\u00e7os de consultoria, treinamento, marketing, infraestrutura, automa\u00e7\u00e3o de processos, an\u00e1lise de informa\u00e7\u00e3o e\u2026","rel":"","context":"Post similar","img":{"alt_text":"","src":"","width":0,"height":0},"classes":[]},{"id":1175,"url":"https:\/\/bomshopping.com.br\/bem-vindo\/produtos\/","url_meta":{"origin":19,"position":2},"title":"Produtos","date":"24 de novembro de 2021","format":false,"excerpt":"Produtos Oferecemos uma boa variedade de produtos modulares e\/ou integrados Com um grande ferramental pronto para ser personalizado, desenvolvemos rapidamente o seu processo de neg\u00f3cio na Internet a um custo acess\u00edvel, compat\u00edvel com o mercado. Principais Produtos O Bomshopping tem pronto e em opera\u00e7\u00e3o (ready to go) uma s\u00e9rie de\u2026","rel":"","context":"Post similar","img":{"alt_text":"Customer Service Representative","src":"https:\/\/i0.wp.com\/bomshopping.com.br\/bem-vindo\/wp-content\/uploads\/2021\/11\/contact-management-bs-scaled.jpg?resize=350%2C200&ssl=1","width":350,"height":200},"classes":[]},{"id":1082,"url":"https:\/\/bomshopping.com.br\/bem-vindo\/","url_meta":{"origin":19,"position":3},"title":"Home","date":"19 de junho de 2017","format":false,"excerpt":"Solu\u00e7\u00f5es de TI na Web aplicadas ao seu neg\u00f3cio O Bomshopping ajuda a sua empresa a desenvolver o seu neg\u00f3cio na Internet oferecendo e integrando as principais ferramentas tecnol\u00f3gicas necess\u00e1rias.\u00a0 Tudo isto com foco no Neg\u00f3cio! Hospedagem Web Cria\u00e7\u00e3o de Sites Desenvolvimento SW Com\u00e9rcio Eletr\u00f4nico Marketing Digital Estat\u00edsticas Data Analytics\u2026","rel":"","context":"Post similar","img":{"alt_text":"","src":"","width":0,"height":0},"classes":[]},{"id":25,"url":"https:\/\/bomshopping.com.br\/bem-vindo\/contato-bomshopping\/","url_meta":{"origin":19,"position":4},"title":"Contato","date":"19 de junho de 2017","format":false,"excerpt":"Contato Consultoria, Projetos, Suporte, Produtos, Servi\u00e7os Entre em contato conosco, tire as suas d\u00favidas e explore novas oportunidades de neg\u00f3cios com a Internet Contato Fale Conosco Projetos ou Solu\u00e7\u00f5es de TI Cria\u00e7\u00e3o de Sites Hospedagem web Desenvolvimento de Sistemas Ecommerce Markting Digital Data Analitics Dashboards Modelos Estat\u00edsticos Manuten\u00e7\u00e3o de Sites\u2026","rel":"","context":"Post similar","img":{"alt_text":"","src":"","width":0,"height":0},"classes":[]}],"_links":{"self":[{"href":"https:\/\/bomshopping.com.br\/bem-vindo\/wp-json\/wp\/v2\/pages\/19","targetHints":{"allow":["GET"]}}],"collection":[{"href":"https:\/\/bomshopping.com.br\/bem-vindo\/wp-json\/wp\/v2\/pages"}],"about":[{"href":"https:\/\/bomshopping.com.br\/bem-vindo\/wp-json\/wp\/v2\/types\/page"}],"author":[{"embeddable":true,"href":"https:\/\/bomshopping.com.br\/bem-vindo\/wp-json\/wp\/v2\/users\/1"}],"replies":[{"embeddable":true,"href":"https:\/\/bomshopping.com.br\/bem-vindo\/wp-json\/wp\/v2\/comments?post=19"}],"version-history":[{"count":16,"href":"https:\/\/bomshopping.com.br\/bem-vindo\/wp-json\/wp\/v2\/pages\/19\/revisions"}],"predecessor-version":[{"id":1769,"href":"https:\/\/bomshopping.com.br\/bem-vindo\/wp-json\/wp\/v2\/pages\/19\/revisions\/1769"}],"wp:attachment":[{"href":"https:\/\/bomshopping.com.br\/bem-vindo\/wp-json\/wp\/v2\/media?parent=19"}],"curies":[{"name":"wp","href":"https:\/\/api.w.org\/{rel}","templated":true}]}}