{"id":1270,"date":"2021-11-26T10:04:24","date_gmt":"2021-11-26T13:04:24","guid":{"rendered":"https:\/\/bomshopping.com.br\/bem-vindo\/?page_id=1270"},"modified":"2021-11-26T10:04:25","modified_gmt":"2021-11-26T13:04:25","slug":"home-copy","status":"publish","type":"page","link":"https:\/\/bomshopping.com.br\/bem-vindo\/home-copy\/","title":{"rendered":"Home &#8211; BKP211126"},"content":{"rendered":"\n<div id=\"metaslider-id-1228\" style=\"max-width: 1920px;\" class=\"ml-slider-3-33-0 metaslider metaslider-flex metaslider-1228 ml-slider ms-theme-default\" role=\"region\" aria-roledescription=\"Slideshow\" aria-label=\"New Slideshow\">\n    <div id=\"metaslider_container_1228\">\n        <div id=\"metaslider_1228\" class=\"flexslider\">\n            <ul aria-live=\"polite\" class=\"slides\">\n            <\/ul>\n        <\/div>\n        \n    <\/div>\n<\/div>\n\t<h5>\n\t\t\t\t\tSolu\u00e7\u00f5es completas para o seu neg\u00f3cio na Web\n\t\t\t\t<\/h5>\n\t<h1>\n\t\t\t\t\tTecnologia e Inova\u00e7\u00e3o\n\t\t\t\t<\/h1>\n\t\t\t<p>Tudo o que voc\u00ea precisa para o seu neg\u00f3cio em um s\u00f3 lugar.<\/p>\n\t\t\t<a href=\"#\" target=\"_self\" role=\"button\" rel=\"noopener\">\n\t\t\t\t\t\tSaiba +\n\t\t<\/a>\n\t<h3>\n\t\t\t\t\tComo o nosso conhecimento pode ajudar no seu neg\u00f3cio?\n\t\t\t\t<\/h3>\n\t\t\t<p>O Bomshopping ajuda a sua empresa a desenvolver o seu neg\u00f3cio na Internet oferecendo e integrando as principais ferramentas tecnol\u00f3gicas necess\u00e1rias.&nbsp; Tudo isto com foco no Neg\u00f3cio!<\/p>\n\t<ul>\n\t\t<li>\t\t\t\t\n\t\t<h4>Websites Responsivos Est\u00e1ticos ou em WordPress<\/h4><p>Seja no Computador, no Pad ou no Celular, construa a sua marca, alcance novos clientes, suporte os seus atuais clientes, gerencie o seu neg\u00f3cio e divulgue seus parceiros, seus produtos e servi\u00e7os. <br><\/p><\/li>\t<\/ul>\n\t<ul>\n\t\t<li>\t\t\t\t\n\t\t<h4>Desenvolvimento &#8220;Full-Stack&#8221; de Sistemas Web <\/h4>H\u00e1 mais de 20 anos desenvolvemos solu\u00e7\u00f5es de front-end e back-end&nbsp; em ambiente Web, com foco no Neg\u00f3cio. Temos v\u00e1rios m\u00f3dulos prontos para uso no modelo SAAS (Software como Servi\u00e7o.<br><\/li>\t<\/ul>\n\t<ul>\n\t\t<li>\t\t\t\t\n\t\t<h4>Digital Marketing<\/h4>&nbsp;Entenda como alavancar a sua marca ou promover e vender produtos e servi\u00e7os por meio de t\u00e1ticas como Campanhas, Otimiza\u00e7\u00e3o para os Mecanismos de Busca, A\u00e7\u00f5es de M\u00eddia Social, An\u00fancios com Pagamento por Clique, Chats Online e&nbsp; eMail Marketing.<\/li>\t<\/ul>\n\t<ul>\n\t\t<li>\t\t\t\t\n\t\t<h4>eCommerce<\/h4><p>Solu\u00e7\u00e3o completa para vender online. Plataforma Woocommerce ou personalizada &#8220;sob-medida&#8221;.&nbsp; <em>Maketing Digital, Gateways de Pagamento, Log\u00edstica, Acompanhamento, Controle de Estoque, Relat\u00f3rios e&nbsp; Integra\u00e7\u00e3o<\/em> com outros sistemas.<\/p><\/li>\t<\/ul>\n\t<ul>\n\t\t<li>\t\t\t\t\n\t\t<h4>Social Media<\/h4><p>A intelig\u00eancia do seu neg\u00f3cio compartilhada, com sinergia e de forma integrada, entre o seu Website e as principais Redes Sociais: Integra\u00e7\u00e3o t\u00e9cnica e mercadol\u00f3gica com Instragam, LinkeEdin e Pinterest.<\/p><\/li>\t<\/ul>\n\t<ul>\n\t\t<li>\t\t\t\t\n\t\t<h4>Data Analytics<\/h4><p><em>Aquisi\u00e7\u00e3o, conex\u00e3o e formata\u00e7\u00e3o de dados<\/em>, quando necess\u00e1rio, mas com foco principal na <em>an\u00e1lise de dados<\/em>, atrav\u00e9s de <em>Gr\u00e1ficos ou Modelos Estat\u00edsticos<\/em> para obter Insights e auxiliar na tomada de decis\u00f5es.<\/p><\/li>\t<\/ul>\n\t<ul>\n\t\t<li>\t\t\t\t\n\t\t<h4>Dashboards<\/h4><p><em>Pain\u00e9is din\u00e2mico<\/em>s, padr\u00e3o ou personalizados, com as principais <em>M\u00e9tricas<\/em> alinhadas ao seu Neg\u00f3cio. Facilitam a interpreta\u00e7\u00e3o da resposta as a\u00e7\u00f5es realizadas, em tempo real ou de forma quase imediata, e ajudam a alcan\u00e7ar Insights e na tomada de decis\u00e3o<\/p><\/li>\t<\/ul>\n\t<ul>\n\t\t<li>\t\t\t\t\n\t\t<h4>Web Hosting<\/h4><p>Infraestrutura Web personalizada completa para suportar a sua solu\u00e7\u00e3o na Internet.&nbsp;&nbsp; Com diferentes configura\u00e7\u00f5es para as diferentes necessidades, centralizamos o atendimento e suporte para a Hospedagem do Website, o Banco de Dados, eMails, chave SSL, Cyber Seguran\u00e7a e Estat\u00edsticas de Acesso.<\/p><\/li>\t<\/ul>\n\t<ul>\n\t\t<li>\t\t\t\t\n\t\t<h4>Manuten\u00e7\u00e3o &amp; Suporte<\/h4><p>Mitiga e resolve os <em>problemas e gargalos na Web<\/em> que ocorrem pelos mais diversos motivos, como por exemplo: <em>Mudan\u00e7a na Tecnologia dos Navegadores<\/em>, <em>queda no servi\u00e7o da Internet<\/em>, <em>Sistemas de Cyber Seguran\u00e7a<\/em>, problemas pontuais na Infraestrutura, integra\u00e7\u00e3o com outros sistemas e mesmo a falta de <em>conhecimento t\u00e9cnico do usu\u00e1rio<\/em>.<\/p><\/li>\t<\/ul>\n\t<h3>\n\t\t\t\t\tEstamos no mercado de Solu\u00e7\u00f5es na Web desde 2001\n\t\t\t\t<\/h3>\n\t<h3>\n\t\t\t\t\tSomos uma empresa orientada para os neg\u00f3cios, por isso focamos nossa tecnologia na forma com que nossos clientes trabalham, utilizando as melhores pr\u00e1ticas do mercado.\n\t\t\t\t<\/h3>\n\t<h3>\n\t\t\t\t\tPortfolio de Solu\u00e7\u00f5es\n\t\t\t\t<\/h3>\n\t\t\t\t<img loading=\"lazy\" decoding=\"async\" src=\"https:\/\/i0.wp.com\/bomshopping.com.br\/bem-vindo\/wp-content\/uploads\/2021\/11\/contact-management-bs-scaled.jpg?resize=2560%2C1706&#038;ssl=1\" alt=\"Customer Service Representative\" =\"image\" title=\"contact-management-bs\" onerror=\"this.style.display='none'\" width=\"2560\" height=\"1706\"  data-recalc-dims=\"1\">\n\t\t\t<a href=\"#\" target=\"_self\" role=\"button\" rel=\"noopener\">\n\t\t\t\t\t\tAtendimento ao Cliente\n\t\t<\/a>\n\t\t\t\t<img loading=\"lazy\" decoding=\"async\" src=\"https:\/\/i0.wp.com\/bomshopping.com.br\/bem-vindo\/wp-content\/uploads\/2021\/11\/sales-process-bs-scaled.jpg?resize=2560%2C1701&#038;ssl=1\" alt=\"sales-process-bs\" =\"image\" title=\"sales-process-bs\" onerror=\"this.style.display='none'\" width=\"2560\" height=\"1701\"  data-recalc-dims=\"1\">\n\t\t\t<a href=\"#\" target=\"_self\" role=\"button\" rel=\"noopener\">\n\t\t\t\t\t\tProcesso de Vendas online\n\t\t<\/a>\n\t\t<img decoding=\"async\" src=\"https:\/\/i2.wp.com\/bomshopping.com.br\/bem-vindo\/wp-content\/plugins\/beaver-builder-lite-version\/img\/pixel.png?ssl=1\" alt=\"\" =\"image\" data-recalc-dims=\"1\">\n\t\t\t\t<img loading=\"lazy\" decoding=\"async\" src=\"https:\/\/i1.wp.com\/bomshopping.com.br\/bem-vindo\/wp-content\/uploads\/2021\/11\/account-financial-1024x680-1.jpg?resize=1024%2C680&#038;ssl=1\" alt=\"account-financial-1024x680\" =\"image\" title=\"account-financial-1024x680\" onerror=\"this.style.display='none'\" width=\"1024\" height=\"680\"  data-recalc-dims=\"1\">\n\t\t\t<a href=\"#\" target=\"_self\" role=\"button\" rel=\"noopener\">\n\t\t\t\t\t\tContabilidade e Finan\u00e7as\n\t\t<\/a>\n\t\t\t\t<img loading=\"lazy\" decoding=\"async\" src=\"https:\/\/i1.wp.com\/bomshopping.com.br\/bem-vindo\/wp-content\/uploads\/2021\/11\/inventory-management-bs-1024x683-1.jpg?resize=1024%2C683&#038;ssl=1\" alt=\"inventory-management-bs-1024x683\" =\"image\" title=\"inventory-management-bs-1024x683\" onerror=\"this.style.display='none'\" width=\"1024\" height=\"683\"  data-recalc-dims=\"1\">\n\t\t\t<a href=\"#\" target=\"_self\" role=\"button\" rel=\"noopener\">\n\t\t\t\t\t\tGerenciamento de Estoque\n\t\t<\/a>\n\t\t\t\t<img loading=\"lazy\" decoding=\"async\" src=\"https:\/\/i1.wp.com\/bomshopping.com.br\/bem-vindo\/wp-content\/uploads\/2021\/11\/dashboard-bs-1024x682-1.jpg?resize=1024%2C682&#038;ssl=1\" alt=\"dashboard-bs-1024x682\" =\"image\" title=\"dashboard-bs-1024x682\" onerror=\"this.style.display='none'\" width=\"1024\" height=\"682\"  data-recalc-dims=\"1\">\n\t\t\t<a href=\"#\" target=\"_self\" role=\"button\" rel=\"noopener\">\n\t\t\t\t\t\tAn\u00e1lise de Dados e Indicadores\n\t\t<\/a>\n\t\t\t\t<img loading=\"lazy\" decoding=\"async\" src=\"https:\/\/i0.wp.com\/bomshopping.com.br\/bem-vindo\/wp-content\/uploads\/2021\/11\/workflow-bs-1024x682-1.jpg?resize=1024%2C682&#038;ssl=1\" alt=\"workflow-bs-1024x682\" =\"image\" title=\"workflow-bs-1024x682\" onerror=\"this.style.display='none'\" width=\"1024\" height=\"682\"  data-recalc-dims=\"1\">\n\t\t\t<a href=\"#\" target=\"_self\" role=\"button\" rel=\"noopener\">\n\t\t\t\t\t\tAutoma\u00e7\u00e3o de Processos\n\t\t<\/a>\n\t\t\t\t<img loading=\"lazy\" decoding=\"async\" src=\"https:\/\/i1.wp.com\/bomshopping.com.br\/bem-vindo\/wp-content\/uploads\/2021\/11\/CRM-Customer-Relationship-Management-bs-1024x683-1.jpg?resize=1024%2C683&#038;ssl=1\" alt=\"CRM-Customer-Relationship-Management-bs-1024x683\" =\"image\" title=\"CRM-Customer-Relationship-Management-bs-1024x683\" onerror=\"this.style.display='none'\" width=\"1024\" height=\"683\"  data-recalc-dims=\"1\">\n\t\t\t<a href=\"#\" target=\"_self\" role=\"button\" rel=\"noopener\">\n\t\t\t\t\t\tGerenciamento de Relacionamentos\n\t\t<\/a>\n\t\t\t\t<img loading=\"lazy\" decoding=\"async\" src=\"https:\/\/i2.wp.com\/bomshopping.com.br\/bem-vindo\/wp-content\/uploads\/2021\/11\/ERP-Enterprise-Resource-Planning-bs-1024x682-1.jpg?resize=1024%2C682&#038;ssl=1\" alt=\"ERP-Enterprise-Resource-Planning-bs-1024x682\" =\"image\" title=\"ERP-Enterprise-Resource-Planning-bs-1024x682\" onerror=\"this.style.display='none'\" width=\"1024\" height=\"682\"  data-recalc-dims=\"1\">\n\t\t\t<a href=\"#\" target=\"_self\" role=\"button\" rel=\"noopener\">\n\t\t\t\t\t\tGest\u00e3o Empresarial Integrada\n\t\t<\/a>\n\t\t\t<a href=\"..\/produtos\" target=\"_self\" role=\"button\" rel=\"noopener\">\n\t\t\t\t\t\t\tSaiba +\n\t\t\t\t\t<\/a>\n\t<h2>\n\t\t\t\t\tAlguns de nossos clientes\n\t\t\t\t<\/h2>\n\t\t\t\t<img decoding=\"async\" src=\"https:\/\/i1.wp.com\/bomshopping.com.br\/bem-vindo\/wp-content\/uploads\/2021\/11\/Logo_Augusto-180X70.jpg?resize=180%2C70&#038;ssl=1\" alt=\"Logo_Augusto-180X70\" =\"image\" data-recalc-dims=\"1\">\n\t\t\t\t<img decoding=\"async\" src=\"https:\/\/i2.wp.com\/bomshopping.com.br\/bem-vindo\/wp-content\/uploads\/2021\/11\/Homesolution-logo-180x70-1.jpg?ssl=1\" alt=\"Homesolution-logo-180x70\" =\"image\" data-recalc-dims=\"1\">\n\t\t\t\t<img decoding=\"async\" src=\"https:\/\/i2.wp.com\/bomshopping.com.br\/bem-vindo\/wp-content\/uploads\/2021\/11\/Leticia-Matos-logo-180x70-2.jpg?ssl=1\" alt=\"Leticia-Matos-logo-180x70\" =\"image\" data-recalc-dims=\"1\">\n\t\t\t\t<img decoding=\"async\" src=\"https:\/\/i0.wp.com\/bomshopping.com.br\/bem-vindo\/wp-content\/uploads\/2021\/11\/BRCN-logo-180x70-1.jpg?ssl=1\" alt=\"BRCN-logo-180x70\" =\"image\" data-recalc-dims=\"1\">\n\t\t\t\t<img decoding=\"async\" src=\"https:\/\/i1.wp.com\/bomshopping.com.br\/bem-vindo\/wp-content\/uploads\/2021\/11\/Tripe-logo-180x70-2.jpg?ssl=1\" alt=\"Tripe-logo-180x70\" =\"image\" data-recalc-dims=\"1\">\n\t\t\t\t<img decoding=\"async\" src=\"https:\/\/i0.wp.com\/bomshopping.com.br\/bem-vindo\/wp-content\/uploads\/2021\/11\/ENE-logo-180x70-1.png?ssl=1\" alt=\"ENE-logo-180x70\" =\"image\" data-recalc-dims=\"1\">\n\t\t\t\t<img decoding=\"async\" src=\"https:\/\/i2.wp.com\/bomshopping.com.br\/bem-vindo\/wp-content\/uploads\/2021\/11\/Leiriense-logo-180x70-1.jpg?ssl=1\" alt=\"Leiriense-logo-180x70\" =\"image\" data-recalc-dims=\"1\">\n\t\t\t\t<img decoding=\"async\" src=\"https:\/\/i0.wp.com\/bomshopping.com.br\/bem-vindo\/wp-content\/uploads\/2021\/11\/FEMTO-logo-180x70-1.png?ssl=1\" alt=\"FEMTO-logo-180x70\" =\"image\" data-recalc-dims=\"1\">\n\t\t\t\t<img decoding=\"async\" src=\"https:\/\/i1.wp.com\/bomshopping.com.br\/bem-vindo\/wp-content\/uploads\/2021\/11\/Jaguar-logo-180x70-1.jpg?ssl=1\" alt=\"Jaguar-logo-180x70\" =\"image\" data-recalc-dims=\"1\">\n\t\t\t\t<img decoding=\"async\" src=\"https:\/\/i0.wp.com\/bomshopping.com.br\/bem-vindo\/wp-content\/uploads\/2021\/11\/ANTEA-logo-180x70-1.jpg?ssl=1\" alt=\"ANTEA-logo-180x70\" =\"image\" data-recalc-dims=\"1\">\n\t\t\t\t<img decoding=\"async\" src=\"https:\/\/i2.wp.com\/bomshopping.com.br\/bem-vindo\/wp-content\/uploads\/2021\/11\/PWKS_logo-180X60.jpg?resize=180%2C60&#038;ssl=1\" alt=\"PWKS_logo-180X60\" =\"image\" data-recalc-dims=\"1\">\n\t\t\t\t<img decoding=\"async\" src=\"https:\/\/i1.wp.com\/bomshopping.com.br\/bem-vindo\/wp-content\/uploads\/2021\/11\/ApolloAyres-logo-180x70-1.jpg?ssl=1\" alt=\"ApolloAyres-logo-180x70\" =\"image\" data-recalc-dims=\"1\">\n\t<ul>\n\t\t<li><h3>J\u00e1 desenvolvemos as mais diversas solu\u00e7\u00f5es, para os mais diferentes lugares<\/h3><\/li>\t<\/ul>\n\t<h3>\n\t\t\t\t\tGostaria de saber mais para trabalhar conosco?\n\t\t\t\t<\/h3>\n\t\t\t<p>Veja no nosso FAQ algumas das d\u00favidas mais frequentes, ou entre em contato diretamente conosco atrav\u00e9s do Fale Conosco ou pelo WhatsApp e tire as suas d\u00favidas.<\/p>\n\t\t\t<a href=\"#\" target=\"_self\" role=\"button\" rel=\"noopener\">\n\t\t\t\t\t\tWhatsApp\n\t\t<\/a>\n","protected":false},"excerpt":{"rendered":"<p>Solu\u00e7\u00f5es completas para o seu neg\u00f3cio na Web Tecnologia e Inova\u00e7\u00e3o Tudo o que voc\u00ea precisa para o seu neg\u00f3cio em um s\u00f3 lugar. Saiba + Como o nosso conhecimento pode ajudar no seu neg\u00f3cio? O Bomshopping ajuda a sua empresa a desenvolver o seu neg\u00f3cio na Internet oferecendo e integrando as principais ferramentas tecnol\u00f3gicas &hellip;<\/p>\n<p class=\"read-more\"> <a class=\"\" href=\"https:\/\/bomshopping.com.br\/bem-vindo\/home-copy\/\"> <span class=\"screen-reader-text\">Home &#8211; BKP211126<\/span> Leia mais \u00bb<\/a><\/p>\n","protected":false},"author":1,"featured_media":0,"parent":0,"menu_order":0,"comment_status":"closed","ping_status":"open","template":"","meta":{"om_disable_all_campaigns":false,"_monsterinsights_skip_tracking":false,"_monsterinsights_sitenote_active":false,"_monsterinsights_sitenote_note":"","_monsterinsights_sitenote_category":0,"site-sidebar-layout":"no-sidebar","site-content-layout":"page-builder","ast-main-header-display":"","ast-hfb-above-header-display":"","ast-hfb-below-header-display":"","ast-hfb-mobile-header-display":"","site-post-title":"disabled","ast-breadcrumbs-content":"","ast-featured-img":"disabled","footer-sml-layout":"","theme-transparent-header-meta":"","adv-header-id-meta":"","stick-header-meta":"","header-above-stick-meta":"","header-main-stick-meta":"","header-below-stick-meta":"","spay_email":"","footnotes":""},"class_list":["post-1270","page","type-page","status-publish","hentry"],"aioseo_notices":[],"uagb_featured_image_src":{"full":false,"thumbnail":false,"medium":false,"medium_large":false,"large":false,"1536x1536":false,"2048x2048":false},"uagb_author_info":{"display_name":"admin","author_link":"https:\/\/bomshopping.com.br\/bem-vindo\/author\/admin\/"},"uagb_comment_info":0,"uagb_excerpt":"Solu\u00e7\u00f5es completas para o seu neg\u00f3cio na Web Tecnologia e Inova\u00e7\u00e3o Tudo o que voc\u00ea precisa para o seu neg\u00f3cio em um s\u00f3 lugar. Saiba + Como o nosso conhecimento pode ajudar no seu neg\u00f3cio? O Bomshopping ajuda a sua empresa a desenvolver o seu neg\u00f3cio na Internet oferecendo e integrando as principais ferramentas tecnol\u00f3gicas&hellip;","jetpack-related-posts":[{"id":21,"url":"https:\/\/bomshopping.com.br\/bem-vindo\/servicos\/","url_meta":{"origin":1270,"position":0},"title":"Servi\u00e7os","date":"19 de junho de 2017","format":false,"excerpt":"Servi\u00e7os Oferecemos para o seu neg\u00f3cio uma extensa gama de servi\u00e7os na Internet Com uma experi\u00eancia pr\u00e1tica em v\u00e1rios segmentos do mercado, oferecemos solu\u00e7\u00f5es na Internet, baseadas em produtos e servi\u00e7os, de forma centralizada e ajustavel.\u00a0\u00a0 S\u00e3o servi\u00e7os de consultoria, treinamento, marketing, infraestrutura, automa\u00e7\u00e3o de processos, an\u00e1lise de informa\u00e7\u00e3o e\u2026","rel":"","context":"Post similar","img":{"alt_text":"","src":"","width":0,"height":0},"classes":[]},{"id":1082,"url":"https:\/\/bomshopping.com.br\/bem-vindo\/","url_meta":{"origin":1270,"position":1},"title":"Home","date":"19 de junho de 2017","format":false,"excerpt":"Solu\u00e7\u00f5es de TI na Web aplicadas ao seu neg\u00f3cio O Bomshopping ajuda a sua empresa a desenvolver o seu neg\u00f3cio na Internet oferecendo e integrando as principais ferramentas tecnol\u00f3gicas necess\u00e1rias.\u00a0 Tudo isto com foco no Neg\u00f3cio! Hospedagem Web Cria\u00e7\u00e3o de Sites Desenvolvimento SW Com\u00e9rcio Eletr\u00f4nico Marketing Digital Estat\u00edsticas Data Analytics\u2026","rel":"","context":"Post similar","img":{"alt_text":"","src":"","width":0,"height":0},"classes":[]},{"id":19,"url":"https:\/\/bomshopping.com.br\/bem-vindo\/quem-somos-bomshopping\/","url_meta":{"origin":1270,"position":2},"title":"Quem Somos","date":"19 de junho de 2017","format":false,"excerpt":"Quem Somos Criamos e Desenvolvemos Solu\u00e7\u00f5es para Neg\u00f3cios na Web Nosso objetivo \u00e9 oferecer para o nosso p\u00fablico alvo, o empreendedor e empresas em geral, uma oportunidade para ter em um \u00fanico local toda a infraestrutura e servi\u00e7o necess\u00e1rios para desenvolver neg\u00f3cios no ambiente Web. Como atuamos Com v\u00e1rias solu\u00e7\u00f5es\u2026","rel":"","context":"Post similar","img":{"alt_text":"","src":"","width":0,"height":0},"classes":[]},{"id":1175,"url":"https:\/\/bomshopping.com.br\/bem-vindo\/produtos\/","url_meta":{"origin":1270,"position":3},"title":"Produtos","date":"24 de novembro de 2021","format":false,"excerpt":"Produtos Oferecemos uma boa variedade de produtos modulares e\/ou integrados Com um grande ferramental pronto para ser personalizado, desenvolvemos rapidamente o seu processo de neg\u00f3cio na Internet a um custo acess\u00edvel, compat\u00edvel com o mercado. Principais Produtos O Bomshopping tem pronto e em opera\u00e7\u00e3o (ready to go) uma s\u00e9rie de\u2026","rel":"","context":"Post similar","img":{"alt_text":"Customer Service Representative","src":"https:\/\/i0.wp.com\/bomshopping.com.br\/bem-vindo\/wp-content\/uploads\/2021\/11\/contact-management-bs-scaled.jpg?resize=350%2C200&ssl=1","width":350,"height":200},"classes":[]},{"id":25,"url":"https:\/\/bomshopping.com.br\/bem-vindo\/contato-bomshopping\/","url_meta":{"origin":1270,"position":4},"title":"Contato","date":"19 de junho de 2017","format":false,"excerpt":"Contato Consultoria, Projetos, Suporte, Produtos, Servi\u00e7os Entre em contato conosco, tire as suas d\u00favidas e explore novas oportunidades de neg\u00f3cios com a Internet Contato Fale Conosco Projetos ou Solu\u00e7\u00f5es de TI Cria\u00e7\u00e3o de Sites Hospedagem web Desenvolvimento de Sistemas Ecommerce Markting Digital Data Analitics Dashboards Modelos Estat\u00edsticos Manuten\u00e7\u00e3o de Sites\u2026","rel":"","context":"Post similar","img":{"alt_text":"","src":"","width":0,"height":0},"classes":[]},{"id":1179,"url":"https:\/\/bomshopping.com.br\/bem-vindo\/favoritos\/","url_meta":{"origin":1270,"position":5},"title":"Favoritos","date":"24 de novembro de 2021","format":false,"excerpt":"Favoritos Aqui voc\u00ea encontra os sites que mais nos auxiliam em nossa jornada S\u00e3o mais de 200 links organizados e agrupados em 3 grandes categorias: Humanas, Tecnologia e Refer\u00eancias Humanas Not\u00edcias ClimaTempoGloboUOLEstad\u00e3oMSNTerraBOLCNNBrasilDi\u00e1rio de Not\u00edciasClarinCNNBILDBBCLeMondeElPaisla Republica Finan\u00e7as Banco do BrasilCEFBNDSIta\u00faBradescoSantanderPaypalPagSeguroCieloRedeXP InvestimentosNubankSerasa Investimentos BloombergValor Econ\u00f4micoValor InvesteValor DataExameInfomoneyHC InvestimentosGuia InvestGustavo CerbasiDinheiramaClube dos PoupadoresADVFNBastter\u2026","rel":"","context":"Post similar","img":{"alt_text":"","src":"","width":0,"height":0},"classes":[]}],"_links":{"self":[{"href":"https:\/\/bomshopping.com.br\/bem-vindo\/wp-json\/wp\/v2\/pages\/1270","targetHints":{"allow":["GET"]}}],"collection":[{"href":"https:\/\/bomshopping.com.br\/bem-vindo\/wp-json\/wp\/v2\/pages"}],"about":[{"href":"https:\/\/bomshopping.com.br\/bem-vindo\/wp-json\/wp\/v2\/types\/page"}],"author":[{"embeddable":true,"href":"https:\/\/bomshopping.com.br\/bem-vindo\/wp-json\/wp\/v2\/users\/1"}],"replies":[{"embeddable":true,"href":"https:\/\/bomshopping.com.br\/bem-vindo\/wp-json\/wp\/v2\/comments?post=1270"}],"version-history":[{"count":1,"href":"https:\/\/bomshopping.com.br\/bem-vindo\/wp-json\/wp\/v2\/pages\/1270\/revisions"}],"predecessor-version":[{"id":1271,"href":"https:\/\/bomshopping.com.br\/bem-vindo\/wp-json\/wp\/v2\/pages\/1270\/revisions\/1271"}],"wp:attachment":[{"href":"https:\/\/bomshopping.com.br\/bem-vindo\/wp-json\/wp\/v2\/media?parent=1270"}],"curies":[{"name":"wp","href":"https:\/\/api.w.org\/{rel}","templated":true}]}}