{"id":1082,"date":"2017-06-19T05:41:37","date_gmt":"2017-06-19T08:41:37","guid":{"rendered":"https:\/\/bomshopping.com.br\/bem-vindo\/home\/"},"modified":"2022-06-21T10:22:07","modified_gmt":"2022-06-21T13:22:07","slug":"solucoes-de-ti-na-web","status":"publish","type":"page","link":"https:\/\/bomshopping.com.br\/bem-vindo\/","title":{"rendered":"Home"},"content":{"rendered":"\n\n\t<div id=\"metaslider-id-1228\" style=\"max-width: 1920px;\" class=\"ml-slider-3-33-0 metaslider metaslider-flex metaslider-1228 ml-slider ms-theme-default\" role=\"region\" aria-roledescription=\"Slideshow\" aria-label=\"New Slideshow\">\n    <div id=\"metaslider_container_1228\">\n        <div id=\"metaslider_1228\" class=\"flexslider\">\n            <ul aria-live=\"polite\" class=\"slides\">\n            <\/ul>\n        <\/div>\n        \n    <\/div>\n<\/div>\n\t<h1>\n\t\t\t\t\tSolu\u00e7\u00f5es de TI na Web\n\t\t\t\t<\/h1>\n\t<h3>\n\t\t\t\t\taplicadas ao seu neg\u00f3cio\n\t\t\t\t<\/h3>\n\t\t\t<p>O Bomshopping ajuda a sua empresa a desenvolver o seu neg\u00f3cio na Internet oferecendo e integrando as principais ferramentas tecnol\u00f3gicas necess\u00e1rias.\u00a0 Tudo isto com foco no Neg\u00f3cio!<\/p>\n<h4>\n\t\tHospedagem Web\n\t<\/h4>\n\t\t\t\t<a href=\"https:\/\/bomshopping.com.br\/bem-vindo\/hospedagem\/\" target=\"_self\" rel=\"nofollow noopener\" =\"url\">\n\t\t\t\t<img decoding=\"async\" src=\"https:\/\/i2.wp.com\/bomshopping.com.br\/bem-vindo\/wp-content\/uploads\/2022\/01\/PngItem_1620106.png?resize=150%2C150&#038;ssl=1\" alt=\"PngItem_1620106\" =\"image\" title=\"PngItem_1620106\" onerror=\"this.style.display='none'\"  data-recalc-dims=\"1\" \/>\n\t\t\t\t<\/a>\n<h4>\n\t\tCria\u00e7\u00e3o de Sites\n\t<\/h4>\n\t\t\t\t<a href=\"https:\/\/bomshopping.com.br\/bem-vindo\/websites-responsivos\/\" target=\"_self\" =\"url\" rel=\"noopener\">\n\t\t\t\t<img decoding=\"async\" src=\"https:\/\/i1.wp.com\/bomshopping.com.br\/bem-vindo\/wp-content\/uploads\/2022\/01\/NicePng_website-logo-png_1091017.png?resize=150%2C150&#038;ssl=1\" alt=\"NicePng_website-logo-png_1091017\" =\"image\" title=\"NicePng_website-logo-png_1091017\" onerror=\"this.style.display='none'\"  data-recalc-dims=\"1\" \/>\n\t\t\t\t<\/a>\n<h4>\n\t\tDesenvolvimento SW\n\t<\/h4>\n\t\t\t\t<a href=\"https:\/\/bomshopping.com.br\/bem-vindo\/desenvolvimento-full-stack\/\" target=\"_self\" =\"url\" rel=\"noopener\">\n\t\t\t\t<img decoding=\"async\" src=\"https:\/\/i0.wp.com\/bomshopping.com.br\/bem-vindo\/wp-content\/uploads\/2022\/01\/transparent-web-icon-platform-icon-software-development-icon-5da25a18936cc5.7009860115709209846039.png?resize=150%2C150&#038;ssl=1\" alt=\"transparent-web-icon-platform-icon-software-development-icon-5da25a18936cc5.7009860115709209846039\" =\"image\" title=\"transparent-web-icon-platform-icon-software-development-icon-5da25a18936cc5.7009860115709209846039\" onerror=\"this.style.display='none'\"  data-recalc-dims=\"1\" \/>\n\t\t\t\t<\/a>\n<h4>\n\t\tCom\u00e9rcio Eletr\u00f4nico\n\t<\/h4>\n\t\t\t\t<a href=\"https:\/\/bomshopping.com.br\/bem-vindo\/e-commerce\/\" target=\"_self\" rel=\"nofollow noopener\" =\"url\">\n\t\t\t\t<img decoding=\"async\" src=\"https:\/\/i1.wp.com\/bomshopping.com.br\/bem-vindo\/wp-content\/uploads\/2022\/01\/transparent-shopping-cart-icon-supermarket-icon-e-commerce-ico-5d99a24c669b74.4690160115703496444203.png?resize=150%2C150&#038;ssl=1\" alt=\"transparent-shopping-cart-icon-supermarket-icon-e-commerce-ico-5d99a24c669b74.4690160115703496444203\" =\"image\" title=\"transparent-shopping-cart-icon-supermarket-icon-e-commerce-ico-5d99a24c669b74.4690160115703496444203\" onerror=\"this.style.display='none'\"  data-recalc-dims=\"1\" \/>\n\t\t\t\t<\/a>\n<h4>\n\t\tMarketing Digital\n\t<\/h4>\n\t\t\t\t<a href=\"https:\/\/bomshopping.com.br\/bem-vindo\/marketing-digital\/\" target=\"_self\" =\"url\" rel=\"noopener\">\n\t\t\t\t<img decoding=\"async\" src=\"https:\/\/i1.wp.com\/bomshopping.com.br\/bem-vindo\/wp-content\/uploads\/2022\/01\/PngItem_5362761.png?resize=150%2C150&#038;ssl=1\" alt=\"PngItem_5362761\" =\"image\" title=\"PngItem_5362761\" onerror=\"this.style.display='none'\"  data-recalc-dims=\"1\" \/>\n\t\t\t\t<\/a>\n<h4>\n\t\tEstat\u00edsticas\n\t<\/h4>\n\t\t\t\t<img decoding=\"async\" src=\"https:\/\/i2.wp.com\/bomshopping.com.br\/bem-vindo\/wp-content\/uploads\/2022\/01\/NicePng_analytics-icon-png_1386229.png?resize=150%2C150&#038;ssl=1\" alt=\"NicePng_analytics-icon-png_1386229\" =\"image\" title=\"NicePng_analytics-icon-png_1386229\" onerror=\"this.style.display='none'\"  data-recalc-dims=\"1\" \/>\n<h4>\n\t\tData Analytics\n\t<\/h4>\n\t\t\t\t<img decoding=\"async\" src=\"https:\/\/i1.wp.com\/bomshopping.com.br\/bem-vindo\/wp-content\/uploads\/2022\/01\/transparent-statistics-icon-cog-icon-database-management-icon-5de8f7c7e96729.584988411575548871956.png?resize=150%2C150&#038;ssl=1\" alt=\"transparent-statistics-icon-cog-icon-database-management-icon-5de8f7c7e96729.584988411575548871956\" =\"image\" title=\"transparent-statistics-icon-cog-icon-database-management-icon-5de8f7c7e96729.584988411575548871956\" onerror=\"this.style.display='none'\"  data-recalc-dims=\"1\" \/>\n<h4>\n\t\tDashboards\n\t<\/h4>\n\t\t\t\t<img decoding=\"async\" src=\"https:\/\/i1.wp.com\/bomshopping.com.br\/bem-vindo\/wp-content\/uploads\/2022\/01\/transparent-smart-house-icon-dashboard-icon-home-icon.png?resize=150%2C150&#038;ssl=1\" alt=\"transparent-smart-house-icon-dashboard-icon-home-icon\" =\"image\" title=\"transparent-smart-house-icon-dashboard-icon-home-icon\" onerror=\"this.style.display='none'\"  data-recalc-dims=\"1\" \/>\n<h4>\n\t\tConsultoria\n\t<\/h4>\n\t\t\t\t<img decoding=\"async\" src=\"https:\/\/i2.wp.com\/bomshopping.com.br\/bem-vindo\/wp-content\/uploads\/2022\/01\/consulting-advisor-symbol-blackandwhite.png?resize=150%2C150&#038;ssl=1\" alt=\"consulting-advisor-symbol-blackandwhite\" =\"image\" title=\"consulting-advisor-symbol-blackandwhite\" onerror=\"this.style.display='none'\"  data-recalc-dims=\"1\" \/>\n<h4>\n\t\tTreinamento\n\t<\/h4>\n\t\t\t\t<img decoding=\"async\" src=\"https:\/\/i1.wp.com\/bomshopping.com.br\/bem-vindo\/wp-content\/uploads\/2022\/01\/clipart2960632-1.png?resize=150%2C150&#038;ssl=1\" alt=\"clipart2960632\" =\"image\" title=\"clipart2960632\" onerror=\"this.style.display='none'\"  data-recalc-dims=\"1\" \/>\n<h4>\n\t\tManuten\u00e7\u00e3o\n\t<\/h4>\n\t\t\t\t<img decoding=\"async\" src=\"https:\/\/i0.wp.com\/bomshopping.com.br\/bem-vindo\/wp-content\/uploads\/2022\/01\/pngkey.com-maintenance-icon-png-4126070.png?resize=150%2C150&#038;ssl=1\" alt=\"pngkey.com-maintenance-icon-png-4126070\" =\"image\" title=\"pngkey.com-maintenance-icon-png-4126070\" onerror=\"this.style.display='none'\"  data-recalc-dims=\"1\" \/>\n<h4>\n\t\tSuporte\n\t<\/h4>\n\t\t\t\t<img decoding=\"async\" src=\"https:\/\/i2.wp.com\/bomshopping.com.br\/bem-vindo\/wp-content\/uploads\/2022\/01\/transparent-support-icon-motivation-icon.png?resize=150%2C150&#038;ssl=1\" alt=\"transparent-support-icon-motivation-icon\" =\"image\" title=\"transparent-support-icon-motivation-icon\" onerror=\"this.style.display='none'\"  data-recalc-dims=\"1\" \/>\n\t<h3>\n\t\t\t\t\tEstamos no mercado de Solu\u00e7\u00f5es de TI na Web desde 2001\n\t\t\t\t<\/h3>\n\t<h3>\n\t\t\t\t\tSomos uma empresa orientada para os neg\u00f3cios, por isso focamos nossa tecnologia na forma com que nossos clientes trabalham, utilizando as melhores pr\u00e1ticas do mercado.\n\t\t\t\t<\/h3>\n\t<h3>\n\t\t\t\t\tPortfolio de Solu\u00e7\u00f5es\n\t\t\t\t<\/h3>\n\t\t\t\t<img decoding=\"async\" src=\"https:\/\/i0.wp.com\/bomshopping.com.br\/bem-vindo\/wp-content\/uploads\/2021\/11\/contact-management-bs.jpg?resize=300%2C200&#038;ssl=1\" alt=\"Customer Service Representative\" =\"image\" title=\"contact-management-bs\" onerror=\"this.style.display='none'\"  data-recalc-dims=\"1\" \/>\n\t\t\t<a href=\"#\" target=\"_self\" role=\"button\" rel=\"noopener\">\n\t\t\t\t\t\tAtendimento ao Cliente\n\t\t<\/a>\n\t\t\t\t<img decoding=\"async\" src=\"https:\/\/i0.wp.com\/bomshopping.com.br\/bem-vindo\/wp-content\/uploads\/2021\/11\/sales-process-bs.jpg?resize=300%2C199&#038;ssl=1\" alt=\"sales-process-bs\" =\"image\" title=\"sales-process-bs\" onerror=\"this.style.display='none'\"  data-recalc-dims=\"1\" \/>\n\t\t\t<a href=\"#\" target=\"_self\" role=\"button\" rel=\"noopener\">\n\t\t\t\t\t\tProcesso de Vendas online\n\t\t<\/a>\n\t\t<img decoding=\"async\" src=\"https:\/\/i2.wp.com\/bomshopping.com.br\/bem-vindo\/wp-content\/plugins\/beaver-builder-lite-version\/img\/pixel.png?ssl=1\" alt=\"\" =\"image\" data-recalc-dims=\"1\"\/>\n\t\t\t\t<img decoding=\"async\" src=\"https:\/\/i1.wp.com\/bomshopping.com.br\/bem-vindo\/wp-content\/uploads\/2021\/11\/account-financial-1024x680-1.jpg?resize=300%2C199&#038;ssl=1\" alt=\"account-financial-1024x680\" =\"image\" title=\"account-financial-1024x680\" onerror=\"this.style.display='none'\"  data-recalc-dims=\"1\" \/>\n\t\t\t<a href=\"#\" target=\"_self\" role=\"button\" rel=\"noopener\">\n\t\t\t\t\t\tContabilidade e Finan\u00e7as\n\t\t<\/a>\n\t\t\t\t<img decoding=\"async\" src=\"https:\/\/i1.wp.com\/bomshopping.com.br\/bem-vindo\/wp-content\/uploads\/2021\/11\/inventory-management-bs-1024x683-1.jpg?resize=300%2C200&#038;ssl=1\" alt=\"inventory-management-bs-1024x683\" =\"image\" title=\"inventory-management-bs-1024x683\" onerror=\"this.style.display='none'\"  data-recalc-dims=\"1\" \/>\n\t\t\t<a href=\"#\" target=\"_self\" role=\"button\" rel=\"noopener\">\n\t\t\t\t\t\tGerenciamento de Estoque\n\t\t<\/a>\n\t\t\t\t<img decoding=\"async\" src=\"https:\/\/i1.wp.com\/bomshopping.com.br\/bem-vindo\/wp-content\/uploads\/2021\/11\/dashboard-bs-1024x682-1.jpg?resize=300%2C200&#038;ssl=1\" alt=\"dashboard-bs-1024x682\" =\"image\" title=\"dashboard-bs-1024x682\" onerror=\"this.style.display='none'\"  data-recalc-dims=\"1\" \/>\n\t\t\t<a href=\"#\" target=\"_self\" role=\"button\" rel=\"noopener\">\n\t\t\t\t\t\tAn\u00e1lise de Dados e Indicadores\n\t\t<\/a>\n\t\t\t\t<img decoding=\"async\" src=\"https:\/\/i0.wp.com\/bomshopping.com.br\/bem-vindo\/wp-content\/uploads\/2021\/11\/workflow-bs-1024x682-1.jpg?resize=300%2C200&#038;ssl=1\" alt=\"workflow-bs-1024x682\" =\"image\" title=\"workflow-bs-1024x682\" onerror=\"this.style.display='none'\"  data-recalc-dims=\"1\" \/>\n\t\t\t<a href=\"#\" target=\"_self\" role=\"button\" rel=\"noopener\">\n\t\t\t\t\t\tAutoma\u00e7\u00e3o de Processos\n\t\t<\/a>\n\t\t\t\t<img decoding=\"async\" src=\"https:\/\/i1.wp.com\/bomshopping.com.br\/bem-vindo\/wp-content\/uploads\/2021\/11\/CRM-Customer-Relationship-Management-bs-1024x683-1.jpg?resize=300%2C200&#038;ssl=1\" alt=\"CRM-Customer-Relationship-Management-bs-1024x683\" =\"image\" title=\"CRM-Customer-Relationship-Management-bs-1024x683\" onerror=\"this.style.display='none'\"  data-recalc-dims=\"1\" \/>\n\t\t\t<a href=\"#\" target=\"_self\" role=\"button\" rel=\"noopener\">\n\t\t\t\t\t\tGerenciamento de Relacionamentos\n\t\t<\/a>\n\t\t\t\t<img decoding=\"async\" src=\"https:\/\/i2.wp.com\/bomshopping.com.br\/bem-vindo\/wp-content\/uploads\/2021\/11\/ERP-Enterprise-Resource-Planning-bs-1024x682-1.jpg?resize=300%2C200&#038;ssl=1\" alt=\"ERP-Enterprise-Resource-Planning-bs-1024x682\" =\"image\" title=\"ERP-Enterprise-Resource-Planning-bs-1024x682\" onerror=\"this.style.display='none'\"  data-recalc-dims=\"1\" \/>\n\t\t\t<a href=\"#\" target=\"_self\" role=\"button\" rel=\"noopener\">\n\t\t\t\t\t\tGest\u00e3o Empresarial Integrada\n\t\t<\/a>\n\t\t\t<a href=\"\/bem-vindo\/produtos\" target=\"_self\" role=\"button\" rel=\"noopener\">\n\t\t\t\t\t\tSaiba +\n\t\t<\/a>\n\t<h2>\n\t\t\t\t\tAlguns de nossos clientes\n\t\t\t\t<\/h2>\n\t\t\t\t<a href=\"http:\/\/www.augustoamiseiro.com\" target=\"_blank\" rel=\"noopener\" =\"url\">\n\t\t\t\t<img loading=\"lazy\" decoding=\"async\" src=\"https:\/\/i1.wp.com\/bomshopping.com.br\/bem-vindo\/wp-content\/uploads\/2021\/11\/Logo_Augusto-180X70.jpg?resize=180%2C70&#038;ssl=1\" alt=\"Logo_Augusto-180X70\" =\"image\" height=\"70\" width=\"180\" title=\"Logo_Augusto-180X70\" onerror=\"this.style.display='none'\"  data-recalc-dims=\"1\" \/>\n\t\t\t\t<\/a>\n\t\t\t\t<img decoding=\"async\" src=\"https:\/\/i2.wp.com\/bomshopping.com.br\/bem-vindo\/wp-content\/uploads\/2021\/11\/Homesolution-logo-180x70-1.jpg?ssl=1\" alt=\"Homesolution-logo-180x70\" =\"image\" data-recalc-dims=\"1\"\/>\n\t\t\t\t<a href=\"http:\/\/www.leticiamatos.com.br\" target=\"_blank\" rel=\"noopener\" =\"url\">\n\t\t\t\t<img loading=\"lazy\" decoding=\"async\" src=\"https:\/\/i2.wp.com\/bomshopping.com.br\/bem-vindo\/wp-content\/uploads\/2021\/11\/Leticia-Matos-logo-180x70-2.jpg?resize=180%2C70&#038;ssl=1\" alt=\"Leticia-Matos-logo-180x70\" =\"image\" height=\"70\" width=\"180\" title=\"Leticia-Matos-logo-180x70\" onerror=\"this.style.display='none'\"  data-recalc-dims=\"1\" \/>\n\t\t\t\t<\/a>\n\t\t\t\t<img decoding=\"async\" src=\"https:\/\/i2.wp.com\/bomshopping.com.br\/bem-vindo\/wp-content\/uploads\/2021\/11\/Leiriense-logo-180x70-1.jpg?ssl=1\" alt=\"Leiriense-logo-180x70\" =\"image\" data-recalc-dims=\"1\"\/>\n\t\t\t\t<a href=\"http:\/\/www.tripestudio.net.br\" target=\"_blank\" rel=\"noopener\" =\"url\">\n\t\t\t\t<img loading=\"lazy\" decoding=\"async\" src=\"https:\/\/i2.wp.com\/bomshopping.com.br\/bem-vindo\/wp-content\/uploads\/2021\/11\/logo_footer-77x50-1.gif?resize=77%2C50&#038;ssl=1\" alt=\"logo_footer-77x50\" =\"image\" height=\"50\" width=\"77\" title=\"logo_footer-77x50\" onerror=\"this.style.display='none'\"  data-recalc-dims=\"1\" \/>\n\t\t\t\t<\/a>\n\t\t\t\t<img decoding=\"async\" src=\"https:\/\/i0.wp.com\/bomshopping.com.br\/bem-vindo\/wp-content\/uploads\/2021\/11\/ENE-logo-180x70-1.png?ssl=1\" alt=\"ENE-logo-180x70\" =\"image\" data-recalc-dims=\"1\"\/>\n\t\t\t\t<a href=\"http:\/\/www.brcntrade.com.br\" target=\"_blank\" rel=\"noopener\" =\"url\">\n\t\t\t\t<img loading=\"lazy\" decoding=\"async\" src=\"https:\/\/i0.wp.com\/bomshopping.com.br\/bem-vindo\/wp-content\/uploads\/2021\/11\/BRCN-logo-180x70-1.jpg?resize=180%2C70&#038;ssl=1\" alt=\"BRCN-logo-180x70\" =\"image\" height=\"70\" width=\"180\" title=\"BRCN-logo-180x70\" onerror=\"this.style.display='none'\"  data-recalc-dims=\"1\" \/>\n\t\t\t\t<\/a>\n\t\t\t\t<img decoding=\"async\" src=\"https:\/\/i0.wp.com\/bomshopping.com.br\/bem-vindo\/wp-content\/uploads\/2021\/11\/FEMTO-logo-180x70-1.png?ssl=1\" alt=\"FEMTO-logo-180x70\" =\"image\" data-recalc-dims=\"1\"\/>\n\t\t\t\t<a href=\"http:\/\/www.jaguarconsulting.com.br\" target=\"_blank\" rel=\"noopener\" =\"url\">\n\t\t\t\t<img loading=\"lazy\" decoding=\"async\" src=\"https:\/\/i1.wp.com\/bomshopping.com.br\/bem-vindo\/wp-content\/uploads\/2021\/11\/Jaguar-logo-180x70-1.jpg?resize=180%2C70&#038;ssl=1\" alt=\"Jaguar-logo-180x70\" =\"image\" height=\"70\" width=\"180\" title=\"Jaguar-logo-180x70\" onerror=\"this.style.display='none'\"  data-recalc-dims=\"1\" \/>\n\t\t\t\t<\/a>\n\t\t\t\t<img decoding=\"async\" src=\"https:\/\/i0.wp.com\/bomshopping.com.br\/bem-vindo\/wp-content\/uploads\/2021\/11\/ANTEA-logo-180x70-1.jpg?ssl=1\" alt=\"ANTEA-logo-180x70\" =\"image\" data-recalc-dims=\"1\"\/>\n\t\t\t\t<a href=\"http:\/\/www.pwksecurity.com.br\" target=\"_blank\" rel=\"noopener\" =\"url\">\n\t\t\t\t<img loading=\"lazy\" decoding=\"async\" src=\"https:\/\/i2.wp.com\/bomshopping.com.br\/bem-vindo\/wp-content\/uploads\/2021\/11\/PWKS_logo-180X60.jpg?resize=180%2C70&#038;ssl=1\" alt=\"PWKS_logo-180X60\" =\"image\" height=\"70\" width=\"180\" title=\"PWKS_logo-180X60\" onerror=\"this.style.display='none'\"  data-recalc-dims=\"1\" \/>\n\t\t\t\t<\/a>\n\t\t\t\t<img decoding=\"async\" src=\"https:\/\/i1.wp.com\/bomshopping.com.br\/bem-vindo\/wp-content\/uploads\/2021\/11\/ApolloAyres-logo-180x70-1.jpg?ssl=1\" alt=\"ApolloAyres-logo-180x70\" =\"image\" data-recalc-dims=\"1\"\/>\n\t<ul>\n\t\t<li><h3>J\u00e1 desenvolvemos as mais diversas solu\u00e7\u00f5es, para os mais diferentes lugares<\/h3><\/li>\t<\/ul>\n\t<h3>\n\t\t\t\t\tGostaria de saber mais para trabalhar conosco?\n\t\t\t\t<\/h3>\n\t\t\t<p>Entre em contato diretamente conosco atrav\u00e9s do Fale Conosco ou pelo WhatsApp e tire as suas d\u00favidas.<\/p>\n\t\t\t<a href=\"\/bem-vindo\/contato\" target=\"_self\" role=\"button\" rel=\"noopener\">\n\t\t\t\t\t\tFale Conosco\n\t\t<\/a>\n\n","protected":false},"excerpt":{"rendered":"<p>Solu\u00e7\u00f5es de TI na Web aplicadas ao seu neg\u00f3cio O Bomshopping ajuda a sua empresa a desenvolver o seu neg\u00f3cio na Internet oferecendo e integrando as principais ferramentas tecnol\u00f3gicas necess\u00e1rias.\u00a0 Tudo isto com foco no Neg\u00f3cio! Hospedagem Web Cria\u00e7\u00e3o de Sites Desenvolvimento SW Com\u00e9rcio Eletr\u00f4nico Marketing Digital Estat\u00edsticas Data Analytics Dashboards Consultoria Treinamento Manuten\u00e7\u00e3o Suporte &hellip;<\/p>\n<p class=\"read-more\"> <a class=\"\" href=\"https:\/\/bomshopping.com.br\/bem-vindo\/\"> <span class=\"screen-reader-text\">Home<\/span> Leia mais \u00bb<\/a><\/p>\n","protected":false},"author":1,"featured_media":0,"parent":0,"menu_order":0,"comment_status":"closed","ping_status":"closed","template":"","meta":{"om_disable_all_campaigns":false,"_monsterinsights_skip_tracking":false,"_monsterinsights_sitenote_active":false,"_monsterinsights_sitenote_note":"","_monsterinsights_sitenote_category":0,"site-sidebar-layout":"no-sidebar","site-content-layout":"page-builder","ast-main-header-display":"","ast-hfb-above-header-display":"","ast-hfb-below-header-display":"","ast-hfb-mobile-header-display":"","site-post-title":"disabled","ast-breadcrumbs-content":"","ast-featured-img":"disabled","footer-sml-layout":"","theme-transparent-header-meta":"","adv-header-id-meta":"","stick-header-meta":"","header-above-stick-meta":"","header-main-stick-meta":"","header-below-stick-meta":"","spay_email":"","footnotes":""},"class_list":["post-1082","page","type-page","status-publish","hentry"],"aioseo_notices":[],"uagb_featured_image_src":{"full":false,"thumbnail":false,"medium":false,"medium_large":false,"large":false,"1536x1536":false,"2048x2048":false},"uagb_author_info":{"display_name":"admin","author_link":"https:\/\/bomshopping.com.br\/bem-vindo\/author\/admin\/"},"uagb_comment_info":0,"uagb_excerpt":"Solu\u00e7\u00f5es de TI na Web aplicadas ao seu neg\u00f3cio O Bomshopping ajuda a sua empresa a desenvolver o seu neg\u00f3cio na Internet oferecendo e integrando as principais ferramentas tecnol\u00f3gicas necess\u00e1rias.\u00a0 Tudo isto com foco no Neg\u00f3cio! Hospedagem Web Cria\u00e7\u00e3o de Sites Desenvolvimento SW Com\u00e9rcio Eletr\u00f4nico Marketing Digital Estat\u00edsticas Data Analytics Dashboards Consultoria Treinamento Manuten\u00e7\u00e3o Suporte&hellip;","jetpack-related-posts":[{"id":1270,"url":"https:\/\/bomshopping.com.br\/bem-vindo\/home-copy\/","url_meta":{"origin":1082,"position":0},"title":"Home &#8211; BKP211126","date":"26 de novembro de 2021","format":false,"excerpt":"Solu\u00e7\u00f5es completas para o seu neg\u00f3cio na Web Tecnologia e Inova\u00e7\u00e3o Tudo o que voc\u00ea precisa para o seu neg\u00f3cio em um s\u00f3 lugar. Saiba + Como o nosso conhecimento pode ajudar no seu neg\u00f3cio? O Bomshopping ajuda a sua empresa a desenvolver o seu neg\u00f3cio na Internet oferecendo e\u2026","rel":"","context":"Post similar","img":{"alt_text":"Customer Service Representative","src":"https:\/\/i0.wp.com\/bomshopping.com.br\/bem-vindo\/wp-content\/uploads\/2021\/11\/contact-management-bs-scaled.jpg?resize=350%2C200&ssl=1","width":350,"height":200},"classes":[]},{"id":21,"url":"https:\/\/bomshopping.com.br\/bem-vindo\/servicos\/","url_meta":{"origin":1082,"position":1},"title":"Servi\u00e7os","date":"19 de junho de 2017","format":false,"excerpt":"Servi\u00e7os Oferecemos para o seu neg\u00f3cio uma extensa gama de servi\u00e7os na Internet Com uma experi\u00eancia pr\u00e1tica em v\u00e1rios segmentos do mercado, oferecemos solu\u00e7\u00f5es na Internet, baseadas em produtos e servi\u00e7os, de forma centralizada e ajustavel.\u00a0\u00a0 S\u00e3o servi\u00e7os de consultoria, treinamento, marketing, infraestrutura, automa\u00e7\u00e3o de processos, an\u00e1lise de informa\u00e7\u00e3o e\u2026","rel":"","context":"Post similar","img":{"alt_text":"","src":"","width":0,"height":0},"classes":[]},{"id":19,"url":"https:\/\/bomshopping.com.br\/bem-vindo\/quem-somos-bomshopping\/","url_meta":{"origin":1082,"position":2},"title":"Quem Somos","date":"19 de junho de 2017","format":false,"excerpt":"Quem Somos Criamos e Desenvolvemos Solu\u00e7\u00f5es para Neg\u00f3cios na Web Nosso objetivo \u00e9 oferecer para o nosso p\u00fablico alvo, o empreendedor e empresas em geral, uma oportunidade para ter em um \u00fanico local toda a infraestrutura e servi\u00e7o necess\u00e1rios para desenvolver neg\u00f3cios no ambiente Web. Como atuamos Com v\u00e1rias solu\u00e7\u00f5es\u2026","rel":"","context":"Post similar","img":{"alt_text":"","src":"","width":0,"height":0},"classes":[]},{"id":25,"url":"https:\/\/bomshopping.com.br\/bem-vindo\/contato-bomshopping\/","url_meta":{"origin":1082,"position":3},"title":"Contato","date":"19 de junho de 2017","format":false,"excerpt":"Contato Consultoria, Projetos, Suporte, Produtos, Servi\u00e7os Entre em contato conosco, tire as suas d\u00favidas e explore novas oportunidades de neg\u00f3cios com a Internet Contato Fale Conosco Projetos ou Solu\u00e7\u00f5es de TI Cria\u00e7\u00e3o de Sites Hospedagem web Desenvolvimento de Sistemas Ecommerce Markting Digital Data Analitics Dashboards Modelos Estat\u00edsticos Manuten\u00e7\u00e3o de Sites\u2026","rel":"","context":"Post similar","img":{"alt_text":"","src":"","width":0,"height":0},"classes":[]},{"id":1175,"url":"https:\/\/bomshopping.com.br\/bem-vindo\/produtos\/","url_meta":{"origin":1082,"position":4},"title":"Produtos","date":"24 de novembro de 2021","format":false,"excerpt":"Produtos Oferecemos uma boa variedade de produtos modulares e\/ou integrados Com um grande ferramental pronto para ser personalizado, desenvolvemos rapidamente o seu processo de neg\u00f3cio na Internet a um custo acess\u00edvel, compat\u00edvel com o mercado. Principais Produtos O Bomshopping tem pronto e em opera\u00e7\u00e3o (ready to go) uma s\u00e9rie de\u2026","rel":"","context":"Post similar","img":{"alt_text":"Customer Service Representative","src":"https:\/\/i0.wp.com\/bomshopping.com.br\/bem-vindo\/wp-content\/uploads\/2021\/11\/contact-management-bs-scaled.jpg?resize=350%2C200&ssl=1","width":350,"height":200},"classes":[]}],"_links":{"self":[{"href":"https:\/\/bomshopping.com.br\/bem-vindo\/wp-json\/wp\/v2\/pages\/1082","targetHints":{"allow":["GET"]}}],"collection":[{"href":"https:\/\/bomshopping.com.br\/bem-vindo\/wp-json\/wp\/v2\/pages"}],"about":[{"href":"https:\/\/bomshopping.com.br\/bem-vindo\/wp-json\/wp\/v2\/types\/page"}],"author":[{"embeddable":true,"href":"https:\/\/bomshopping.com.br\/bem-vindo\/wp-json\/wp\/v2\/users\/1"}],"replies":[{"embeddable":true,"href":"https:\/\/bomshopping.com.br\/bem-vindo\/wp-json\/wp\/v2\/comments?post=1082"}],"version-history":[{"count":162,"href":"https:\/\/bomshopping.com.br\/bem-vindo\/wp-json\/wp\/v2\/pages\/1082\/revisions"}],"predecessor-version":[{"id":1766,"href":"https:\/\/bomshopping.com.br\/bem-vindo\/wp-json\/wp\/v2\/pages\/1082\/revisions\/1766"}],"wp:attachment":[{"href":"https:\/\/bomshopping.com.br\/bem-vindo\/wp-json\/wp\/v2\/media?parent=1082"}],"curies":[{"name":"wp","href":"https:\/\/api.w.org\/{rel}","templated":true}]}}